{"id":2394,"date":"2024-01-04T18:48:58","date_gmt":"2024-01-04T17:48:58","guid":{"rendered":"https:\/\/www.k\u00f6\u00f6v.de\/?page_id=2394"},"modified":"2025-09-02T21:52:00","modified_gmt":"2025-09-02T19:52:00","slug":"home-3-3-2-2-2-2-2-2-2-2-2","status":"publish","type":"page","link":"https:\/\/www.k\u00f6\u00f6v.de\/?page_id=2394","title":{"rendered":"K\u00f6rperpflege"},"content":{"rendered":"<div id=\"pl-2394\"  class=\"panel-layout\" ><div id=\"pg-2394-0\"  class=\"panel-grid panel-has-style\" ><div class=\"so-parallax so-rounded siteorigin-panels-stretch panel-row-style-full-width panel-row-style panel-row-style-for-2394-0\" style=\"background-color: #464646; \" data-stretch-type=\"full-width-stretch\" ><img fetchpriority=\"high\" decoding=\"async\" width=\"1244\" height=\"721\" src=\"https:\/\/www.k\u00f6\u00f6v.de\/wp-content\/uploads\/2021\/03\/82FBD380-2275-4BB1-A1B7-F3E2946E0CF4.jpeg\" class=\"attachment-full size-full\" alt=\"\" data-siteorigin-parallax=\"true\" loading=\"eager\" srcset=\"https:\/\/www.k\u00f6\u00f6v.de\/wp-content\/uploads\/2021\/03\/82FBD380-2275-4BB1-A1B7-F3E2946E0CF4.jpeg 1244w, https:\/\/www.k\u00f6\u00f6v.de\/wp-content\/uploads\/2021\/03\/82FBD380-2275-4BB1-A1B7-F3E2946E0CF4-300x174.jpeg 300w, https:\/\/www.k\u00f6\u00f6v.de\/wp-content\/uploads\/2021\/03\/82FBD380-2275-4BB1-A1B7-F3E2946E0CF4-768x445.jpeg 768w, https:\/\/www.k\u00f6\u00f6v.de\/wp-content\/uploads\/2021\/03\/82FBD380-2275-4BB1-A1B7-F3E2946E0CF4-1024x593.jpeg 1024w\" sizes=\"(max-width: 1244px) 100vw, 1244px\" \/><div id=\"pgc-2394-0-0\"  class=\"panel-grid-cell\" ><div id=\"panel-2394-0-0-0\" class=\"so-panel widget widget_sow-headline panel-first-child panel-last-child\" data-index=\"0\" ><div class=\"so-rounded panel-widget-style panel-widget-style-for-2394-0-0-0\" ><div\n\t\t\t\n\t\t\tclass=\"so-widget-sow-headline so-widget-sow-headline-default-876b0a7d496c-2394\"\n\t\t\t\n\t\t><div class=\"sow-headline-container \">\n\t<h2 class='sow-headline'>K\u00f6rperpflege<\/h2>\t\t\t\t\t<div class=\"decoration\">\n\t\t\t\t\t\t<div class=\"decoration-inside\"><\/div>\n\t\t\t\t\t<\/div>\n\t\t\t\t\t<h2 class='sow-sub-headline'>Friseurmeisterin | staatl. gepr. Kosmetikerin | Visagistin | kosmetische Fu\u00dfpflegerin<\/h2><\/div>\n<\/div><\/div><\/div><\/div><\/div><\/div><div id=\"pg-2394-1\"  class=\"panel-grid panel-has-style\" ><div class=\"siteorigin-panels-stretch panel-row-style-full-width panel-row-style panel-row-style-for-2394-1\" style=\"background-color: #fbcce7; \" data-stretch-type=\"full-width-stretch\" ><div id=\"pgc-2394-1-0\"  class=\"panel-grid-cell panel-grid-cell-empty\" ><\/div><div id=\"pgc-2394-1-1\"  class=\"panel-grid-cell panel-grid-cell-empty panel-grid-cell-mobile-last\" ><\/div><div id=\"pgc-2394-1-2\"  class=\"panel-grid-cell panel-grid-cell-empty\" ><\/div><\/div><\/div><div id=\"pg-2394-2\"  class=\"panel-grid panel-has-style\" ><div class=\"siteorigin-panels-stretch panel-row-style-full-width panel-row-style panel-row-style-for-2394-2\" style=\"background-color: #dadada; \" data-stretch-type=\"full-width-stretch\" ><div id=\"pgc-2394-2-0\"  class=\"panel-grid-cell\" ><div id=\"panel-2394-2-0-0\" class=\"so-panel widget widget_sow-editor panel-first-child panel-last-child\" data-index=\"1\" ><div class=\"so-rounded panel-widget-style panel-widget-style-for-2394-2-0-0\" ><div\n\t\t\t\n\t\t\tclass=\"so-widget-sow-editor so-widget-sow-editor-base\"\n\t\t\t\n\t\t>\n<div class=\"siteorigin-widget-tinymce textwidget\">\n\t<p style=\"text-align: center;\"><span style=\"color: #464646;\"><strong>SCH\u00d6NHEIT<\/strong> ist individuell und wird von jedem anders interpretiert. So wie ein bekanntes Sprichwort sagt:<\/span><\/p>\n<p>&nbsp;<\/p>\n<p>&nbsp;<\/p>\n<p style=\"text-align: center;\"><strong><em><span style=\"color: #464646;\">,,Sch\u00f6nheit liegt im Auge des Betrachters\"<\/span><\/em><\/strong><\/p>\n<p style=\"text-align: center;\"><strong><em><span style=\"color: #464646;\">- Thukydides -<\/span><\/em><\/strong><\/p>\n<p>&nbsp;<\/p>\n<p>&nbsp;<\/p>\n<p style=\"text-align: center;\"><span style=\"color: #464646;\">SCH\u00d6NHEIT bezieht sich nicht nur auf die Optik eines Menschen. Vielmehr ist es der Gesamteindruck und die Ausstrahlung einer gesunden lebensfrohen Person, welche im Allgemeinen als SCH\u00d6NHEIT wahrgenommen wird. Heute gibt es mehr den je Techniken und Methoden, um SCH\u00d6NHEIT im Au\u00dfen zu konzipieren.<\/span><\/p>\n<p>&nbsp;<\/p>\n<p style=\"text-align: center;\"><span style=\"color: #464646;\">SCH\u00d6NHEIT von Innen wirkt sich allerdings auf unseren ganzen Organismus aus und ist ein wichtiger und effektiver Bestandteil der ganzheitlichen K\u00f6rperpflege. Selbstf\u00fcrsorge wie eine vollwertige und gesunde Ern\u00e4hrung, gute soziale Bindungen, nat\u00fcrliche Bewegungen oder positives Denken, k\u00f6nnen dabei helfen, die SCH\u00d6NHEIT grundlegend in uns erbl\u00fchen zu lassen.<\/span><\/p>\n<p>&nbsp;<\/p>\n<p style=\"text-align: center;\"><span style=\"color: #464646;\">T\u00e4tigkeiten des Friseur- und Kosmetikhandwerks sind immer schon f\u00fcr die Modellierung der \u00e4u\u00dfere SCH\u00d6NHEIT bekannt. Heutzutage wird diese wesentlich durch die Sch\u00f6nheitsindustrie gepr\u00e4gt und Trends sind schnelllebig und kurzweilig. Dass die beiden Handwerke aber auch f\u00fcr eine innere SCH\u00d6NHEIT und die eigene Akzeptanz stehen, wird oftmals vergessen.<\/span><\/p>\n<p>&nbsp;<\/p>\n<p style=\"text-align: center;\"><span style=\"color: #464646;\">Ich gebe mein M\u00f6glichstes, mit meinen Dienstleistungen die SCH\u00d6NHEIT von jedem Einzelnen, zu unterstreichen. <\/span><span style=\"color: #464646;\">Mir ist es wichtig, deine W\u00fcnsche durch individuelle und einfache Techniken herauszuarbeiten um die nat\u00fcrliche SCH\u00d6NHEIT zum Strahlen zu bringen.<\/span><\/p>\n<\/div>\n<\/div><\/div><\/div><\/div><\/div><\/div><div id=\"pg-2394-3\"  class=\"panel-grid panel-has-style\" ><div class=\"siteorigin-panels-stretch panel-row-style-full-width panel-row-style panel-row-style-for-2394-3\" style=\"background-color: #fbcce7; \" data-stretch-type=\"full-width-stretch\" ><div id=\"pgc-2394-3-0\"  class=\"panel-grid-cell panel-grid-cell-empty\" ><\/div><div id=\"pgc-2394-3-1\"  class=\"panel-grid-cell panel-grid-cell-empty panel-grid-cell-mobile-last\" ><\/div><div id=\"pgc-2394-3-2\"  class=\"panel-grid-cell panel-grid-cell-empty\" ><\/div><\/div><\/div><div id=\"pg-2394-4\"  class=\"panel-grid panel-has-style\" ><div class=\"siteorigin-panels-stretch panel-row-style-full-width panel-row-style panel-row-style-for-2394-4\" style=\"background-color: #ffffff; \" data-stretch-type=\"full-width-stretch\" ><div id=\"pgc-2394-4-0\"  class=\"panel-grid-cell panel-grid-cell-empty\" ><\/div><div id=\"pgc-2394-4-1\"  class=\"panel-grid-cell panel-grid-cell-mobile-last\" ><div id=\"panel-2394-4-1-0\" class=\"so-panel widget widget_sow-editor panel-first-child panel-last-child\" data-index=\"2\" ><div\n\t\t\t\n\t\t\tclass=\"so-widget-sow-editor so-widget-sow-editor-base\"\n\t\t\t\n\t\t>\n<div class=\"siteorigin-widget-tinymce textwidget\">\n\t<p style=\"text-align: center;\"><span style=\"color: #464646;\"><strong>SCH\u00d6N OHNE STRESS<\/strong><\/span><span style=\"color: #464646;\"><img loading=\"lazy\" decoding=\"async\" class=\"aligncenter  wp-image-3463\" src=\"https:\/\/www.k\u00f6\u00f6v.de\/wp-content\/uploads\/2025\/06\/Button-Logo.png\" alt=\"\" width=\"95\" height=\"95\" \/><\/span><\/p>\n<p style=\"text-align: center;\"><span style=\"color: #464646;\">Kurztrip aus dem Alltag!<\/span><\/p>\n<\/div>\n<\/div><\/div><\/div><div id=\"pgc-2394-4-2\"  class=\"panel-grid-cell panel-grid-cell-empty\" ><\/div><\/div><\/div><div id=\"pg-2394-5\"  class=\"panel-grid panel-has-style\" ><div class=\"siteorigin-panels-stretch panel-row-style-full-width panel-row-style panel-row-style-for-2394-5\" style=\"background-color: #fbcce7; \" data-stretch-type=\"full-width-stretch\" ><div id=\"pgc-2394-5-0\"  class=\"panel-grid-cell panel-grid-cell-empty\" ><\/div><div id=\"pgc-2394-5-1\"  class=\"panel-grid-cell panel-grid-cell-empty panel-grid-cell-mobile-last\" ><\/div><div id=\"pgc-2394-5-2\"  class=\"panel-grid-cell panel-grid-cell-empty\" ><\/div><\/div><\/div><div id=\"pg-2394-6\"  class=\"panel-grid panel-has-style\" ><div class=\"siteorigin-panels-stretch panel-row-style-full-width panel-row-style panel-row-style-for-2394-6\" style=\"background-color: #dadada; \" data-stretch-type=\"full-width-stretch\" ><div id=\"pgc-2394-6-0\"  class=\"panel-grid-cell\" ><div id=\"panel-2394-6-0-0\" class=\"so-panel widget widget_sow-cta panel-first-child panel-last-child\" data-index=\"3\" ><div class=\"so-rounded panel-widget-style panel-widget-style-for-2394-6-0-0\" ><div\n\t\t\t\n\t\t\tclass=\"so-widget-sow-cta so-widget-sow-cta-default-11a0a9c545d2-2394\"\n\t\t\t\n\t\t><div class=\"sow-cta-base\">\n\n\t<div class=\"sow-cta-wrapper\">\n\n\t\t<div class=\"sow-cta-text\">\n\t\t\t<h4 class=\"sow-cta-title\">Friseurhandwerk<\/h4>\n\t\t\t<h5 class=\"sow-cta-subtitle\">... kiek mol rin <\/h5>\n\t\t<\/div>\n\n\t\t<div\n\t\t\t\n\t\t\tclass=\"so-widget-sow-button so-widget-sow-button-atom-886db7b30c28\"\n\t\t\t\n\t\t><div class=\"ow-button-base ow-button-align-center\">\n\t<a\n\thref=\"https:\/\/www.k\u00f6\u00f6v.de\/?page_id=2403\"\n\t\tclass=\"ow-icon-placement-top\" \t>\n\t\t<span>\n\t\t\t<span class=\"sow-icon-genericons\" data-sow-icon=\"&#xf461;\"\n\t\tstyle=\"color: #ffffff\" \n\t\taria-hidden=\"true\"><\/span>\n\t\t\t\t\t<\/span>\n\t<\/a>\n<\/div>\n<\/div>\n\t<\/div>\n\n<\/div>\n<\/div><\/div><\/div><\/div><div id=\"pgc-2394-6-1\"  class=\"panel-grid-cell\" ><div id=\"panel-2394-6-1-0\" class=\"so-panel widget widget_sow-cta panel-first-child panel-last-child\" data-index=\"4\" ><div class=\"so-rounded panel-widget-style panel-widget-style-for-2394-6-1-0\" ><div\n\t\t\t\n\t\t\tclass=\"so-widget-sow-cta so-widget-sow-cta-default-11a0a9c545d2-2394\"\n\t\t\t\n\t\t><div class=\"sow-cta-base\">\n\n\t<div class=\"sow-cta-wrapper\">\n\n\t\t<div class=\"sow-cta-text\">\n\t\t\t<h4 class=\"sow-cta-title\">Kosmetikhandwerk<\/h4>\n\t\t\t<h5 class=\"sow-cta-subtitle\">... sch\u00f6n, wie du bist <\/h5>\n\t\t<\/div>\n\n\t\t<div\n\t\t\t\n\t\t\tclass=\"so-widget-sow-button so-widget-sow-button-atom-886db7b30c28\"\n\t\t\t\n\t\t><div class=\"ow-button-base ow-button-align-center\">\n\t<a\n\thref=\"https:\/\/www.k\u00f6\u00f6v.de\/?page_id=2403\"\n\t\tclass=\"ow-icon-placement-top\" \t>\n\t\t<span>\n\t\t\t<span class=\"sow-icon-genericons\" data-sow-icon=\"&#xf461;\"\n\t\tstyle=\"color: #ffffff\" \n\t\taria-hidden=\"true\"><\/span>\n\t\t\t\t\t<\/span>\n\t<\/a>\n<\/div>\n<\/div>\n\t<\/div>\n\n<\/div>\n<\/div><\/div><\/div><\/div><div id=\"pgc-2394-6-2\"  class=\"panel-grid-cell\" ><div id=\"panel-2394-6-2-0\" class=\"so-panel widget widget_sow-cta panel-first-child panel-last-child\" data-index=\"5\" ><div class=\"so-rounded panel-widget-style panel-widget-style-for-2394-6-2-0\" ><div\n\t\t\t\n\t\t\tclass=\"so-widget-sow-cta so-widget-sow-cta-default-11a0a9c545d2-2394\"\n\t\t\t\n\t\t><div class=\"sow-cta-base\">\n\n\t<div class=\"sow-cta-wrapper\">\n\n\t\t<div class=\"sow-cta-text\">\n\t\t\t<h4 class=\"sow-cta-title\">Wohlf\u00fchlen<\/h4>\n\t\t\t<h5 class=\"sow-cta-subtitle\">... einfach abschalten<\/h5>\n\t\t<\/div>\n\n\t\t<div\n\t\t\t\n\t\t\tclass=\"so-widget-sow-button so-widget-sow-button-atom-886db7b30c28\"\n\t\t\t\n\t\t><div class=\"ow-button-base ow-button-align-center\">\n\t<a\n\thref=\"https:\/\/www.k\u00f6\u00f6v.de\/?page_id=2403\"\n\t\tclass=\"ow-icon-placement-top\" \t>\n\t\t<span>\n\t\t\t<span class=\"sow-icon-genericons\" data-sow-icon=\"&#xf461;\"\n\t\tstyle=\"color: #ffffff\" \n\t\taria-hidden=\"true\"><\/span>\n\t\t\t\t\t<\/span>\n\t<\/a>\n<\/div>\n<\/div>\n\t<\/div>\n\n<\/div>\n<\/div><\/div><\/div><\/div><\/div><\/div><\/div>","protected":false},"excerpt":{"rendered":"<p>K\u00f6rperpflege Friseurmeisterin | staatl. gepr. Kosmetikerin | Visagistin | kosmetische Fu\u00dfpflegerin SCH\u00d6NHEIT ist individuell und wird von jedem anders interpretiert. So wie ein bekanntes Sprichwort sagt: &nbsp; &nbsp; ,,Sch\u00f6nheit liegt im Auge des Betrachters&#8221; &#8211; Thukydides &#8211; &nbsp; &nbsp; SCH\u00d6NHEIT bezieht sich nicht nur auf die Optik eines Menschen. Vielmehr ist es der Gesamteindruck und [&hellip;]<\/p>\n","protected":false},"author":2,"featured_media":0,"parent":0,"menu_order":0,"comment_status":"closed","ping_status":"closed","template":"home-panels.php","meta":{"footnotes":""},"class_list":["post-2394","page","type-page","status-publish","hentry","post"],"_links":{"self":[{"href":"https:\/\/www.k\u00f6\u00f6v.de\/index.php?rest_route=\/wp\/v2\/pages\/2394","targetHints":{"allow":["GET"]}}],"collection":[{"href":"https:\/\/www.k\u00f6\u00f6v.de\/index.php?rest_route=\/wp\/v2\/pages"}],"about":[{"href":"https:\/\/www.k\u00f6\u00f6v.de\/index.php?rest_route=\/wp\/v2\/types\/page"}],"author":[{"embeddable":true,"href":"https:\/\/www.k\u00f6\u00f6v.de\/index.php?rest_route=\/wp\/v2\/users\/2"}],"replies":[{"embeddable":true,"href":"https:\/\/www.k\u00f6\u00f6v.de\/index.php?rest_route=%2Fwp%2Fv2%2Fcomments&post=2394"}],"version-history":[{"count":107,"href":"https:\/\/www.k\u00f6\u00f6v.de\/index.php?rest_route=\/wp\/v2\/pages\/2394\/revisions"}],"predecessor-version":[{"id":3621,"href":"https:\/\/www.k\u00f6\u00f6v.de\/index.php?rest_route=\/wp\/v2\/pages\/2394\/revisions\/3621"}],"wp:attachment":[{"href":"https:\/\/www.k\u00f6\u00f6v.de\/index.php?rest_route=%2Fwp%2Fv2%2Fmedia&parent=2394"}],"curies":[{"name":"wp","href":"https:\/\/api.w.org\/{rel}","templated":true}]}}