{"id":2426,"date":"2024-01-04T22:11:01","date_gmt":"2024-01-04T21:11:01","guid":{"rendered":"https:\/\/www.k\u00f6\u00f6v.de\/?page_id=2426"},"modified":"2025-09-02T21:58:33","modified_gmt":"2025-09-02T19:58:33","slug":"home-3-3-2-2-2-2-2-2-2-2-2-2-3","status":"publish","type":"page","link":"https:\/\/www.k\u00f6\u00f6v.de\/?page_id=2426","title":{"rendered":"K\u00f6rperarbeit"},"content":{"rendered":"<div id=\"pl-2426\"  class=\"panel-layout\" ><div id=\"pg-2426-0\"  class=\"panel-grid panel-has-style\" ><div class=\"so-parallax siteorigin-panels-stretch panel-row-style-full-width panel-row-style panel-row-style-for-2426-0\" data-stretch-type=\"full-width-stretch\" ><img fetchpriority=\"high\" decoding=\"async\" width=\"2048\" height=\"1536\" src=\"https:\/\/www.k\u00f6\u00f6v.de\/wp-content\/uploads\/2024\/12\/IMG_4863.jpeg\" class=\"attachment-full size-full\" alt=\"\" data-siteorigin-parallax=\"true\" loading=\"eager\" srcset=\"https:\/\/www.k\u00f6\u00f6v.de\/wp-content\/uploads\/2024\/12\/IMG_4863.jpeg 2048w, https:\/\/www.k\u00f6\u00f6v.de\/wp-content\/uploads\/2024\/12\/IMG_4863-300x225.jpeg 300w, https:\/\/www.k\u00f6\u00f6v.de\/wp-content\/uploads\/2024\/12\/IMG_4863-1024x768.jpeg 1024w, https:\/\/www.k\u00f6\u00f6v.de\/wp-content\/uploads\/2024\/12\/IMG_4863-768x576.jpeg 768w, https:\/\/www.k\u00f6\u00f6v.de\/wp-content\/uploads\/2024\/12\/IMG_4863-1536x1152.jpeg 1536w\" sizes=\"(max-width: 2048px) 100vw, 2048px\" \/><div id=\"pgc-2426-0-0\"  class=\"panel-grid-cell\" ><div id=\"panel-2426-0-0-0\" class=\"so-panel widget widget_sow-headline panel-first-child panel-last-child\" data-index=\"0\" ><div class=\"so-rounded panel-widget-style panel-widget-style-for-2426-0-0-0\" ><div\n\t\t\t\n\t\t\tclass=\"so-widget-sow-headline so-widget-sow-headline-default-690225c87718-2426\"\n\t\t\t\n\t\t><div class=\"sow-headline-container \">\n\t<h2 class='sow-headline'>K\u00f6rperarbeit<\/h2>\t\t\t\t\t<div class=\"decoration\">\n\t\t\t\t\t\t<div class=\"decoration-inside\"><\/div>\n\t\t\t\t\t<\/div>\n\t\t\t\t\t<h2 class='sow-sub-headline'>K\u00f6rpergef\u00fchl | nat\u00fcrliche Bewegungsabl\u00e4ufe | Atem\u00fcbungen<\/h2><\/div>\n<\/div><\/div><\/div><\/div><\/div><\/div><div id=\"pg-2426-1\"  class=\"panel-grid panel-has-style\" ><div class=\"siteorigin-panels-stretch panel-row-style-full-width panel-row-style panel-row-style-for-2426-1\" style=\"background-color: #003781; \" data-stretch-type=\"full-width-stretch\" ><div id=\"pgc-2426-1-0\"  class=\"panel-grid-cell panel-grid-cell-empty\" ><\/div><\/div><\/div><div id=\"pg-2426-2\"  class=\"panel-grid panel-has-style\" ><div class=\"siteorigin-panels-stretch panel-row-style-full-width panel-row-style panel-row-style-for-2426-2\" style=\"background-color: #dadada; \" data-stretch-type=\"full-width-stretch\" ><div id=\"pgc-2426-2-0\"  class=\"panel-grid-cell\" ><div id=\"panel-2426-2-0-0\" class=\"so-panel widget widget_sow-headline panel-first-child panel-last-child\" data-index=\"1\" ><div class=\"so-rounded panel-widget-style panel-widget-style-for-2426-2-0-0\" ><div\n\t\t\t\n\t\t\tclass=\"so-widget-sow-headline so-widget-sow-headline-default-b96ecbaeb19b-2426\"\n\t\t\t\n\t\t><div class=\"sow-headline-container \">\n\t<h2 class='sow-headline'>Seiten Status<\/h2>\t\t\t\t\t<div class=\"decoration\">\n\t\t\t\t\t\t<div class=\"decoration-inside\"><\/div>\n\t\t\t\t\t<\/div>\n\t\t\t\t\t<h2 class='sow-sub-headline'>Diese Seite und ihre Unterseiten sind aktuell in Bearbeitung.<\/h2><\/div>\n<\/div><\/div><\/div><\/div><\/div><\/div><div id=\"pg-2426-3\"  class=\"panel-grid panel-has-style\" ><div class=\"siteorigin-panels-stretch panel-row-style-full-width panel-row-style panel-row-style-for-2426-3\" style=\"background-color: #003781; \" data-stretch-type=\"full-width-stretch\" ><div id=\"pgc-2426-3-0\"  class=\"panel-grid-cell panel-grid-cell-empty\" ><\/div><\/div><\/div><\/div>","protected":false},"excerpt":{"rendered":"<p>K\u00f6rperarbeit K\u00f6rpergef\u00fchl | nat\u00fcrliche Bewegungsabl\u00e4ufe | Atem\u00fcbungen Seiten Status Diese Seite und ihre Unterseiten sind aktuell in Bearbeitung.<\/p>\n","protected":false},"author":2,"featured_media":0,"parent":0,"menu_order":0,"comment_status":"closed","ping_status":"closed","template":"home-panels.php","meta":{"footnotes":""},"class_list":["post-2426","page","type-page","status-publish","hentry","post"],"_links":{"self":[{"href":"https:\/\/www.k\u00f6\u00f6v.de\/index.php?rest_route=\/wp\/v2\/pages\/2426","targetHints":{"allow":["GET"]}}],"collection":[{"href":"https:\/\/www.k\u00f6\u00f6v.de\/index.php?rest_route=\/wp\/v2\/pages"}],"about":[{"href":"https:\/\/www.k\u00f6\u00f6v.de\/index.php?rest_route=\/wp\/v2\/types\/page"}],"author":[{"embeddable":true,"href":"https:\/\/www.k\u00f6\u00f6v.de\/index.php?rest_route=\/wp\/v2\/users\/2"}],"replies":[{"embeddable":true,"href":"https:\/\/www.k\u00f6\u00f6v.de\/index.php?rest_route=%2Fwp%2Fv2%2Fcomments&post=2426"}],"version-history":[{"count":42,"href":"https:\/\/www.k\u00f6\u00f6v.de\/index.php?rest_route=\/wp\/v2\/pages\/2426\/revisions"}],"predecessor-version":[{"id":2466,"href":"https:\/\/www.k\u00f6\u00f6v.de\/index.php?rest_route=\/wp\/v2\/pages\/2426\/revisions\/2466"}],"wp:attachment":[{"href":"https:\/\/www.k\u00f6\u00f6v.de\/index.php?rest_route=%2Fwp%2Fv2%2Fmedia&parent=2426"}],"curies":[{"name":"wp","href":"https:\/\/api.w.org\/{rel}","templated":true}]}}