{"id":2435,"date":"2024-01-04T22:03:26","date_gmt":"2024-01-04T21:03:26","guid":{"rendered":"https:\/\/www.k\u00f6\u00f6v.de\/?page_id=2435"},"modified":"2025-08-22T11:39:56","modified_gmt":"2025-08-22T09:39:56","slug":"home-3-3-2-2-2-2-2-2-2-2-2-2-2","status":"publish","type":"page","link":"https:\/\/www.k\u00f6\u00f6v.de\/?page_id=2435","title":{"rendered":"K\u00f6rpergef\u00fchl"},"content":{"rendered":"<div id=\"pl-2435\"  class=\"panel-layout\" ><div id=\"pg-2435-0\"  class=\"panel-grid panel-has-style\" ><div class=\"siteorigin-panels-stretch panel-row-style-full-width panel-row-style panel-row-style-for-2435-0\" style=\"background-color: #7a8293; \" data-stretch-type=\"full-width-stretch\" ><div id=\"pgc-2435-0-0\"  class=\"panel-grid-cell panel-grid-cell-empty\" ><\/div><div id=\"pgc-2435-0-1\"  class=\"panel-grid-cell panel-grid-cell-empty panel-grid-cell-mobile-last\" ><\/div><div id=\"pgc-2435-0-2\"  class=\"panel-grid-cell panel-grid-cell-empty\" ><\/div><\/div><\/div><div id=\"pg-2435-1\"  class=\"panel-grid panel-has-style\" ><div class=\"siteorigin-panels-stretch panel-row-style-full-width panel-row-style panel-row-style-for-2435-1\" data-stretch-type=\"full-width-stretch\" ><div id=\"pgc-2435-1-0\"  class=\"panel-grid-cell\" ><div id=\"panel-2435-1-0-0\" class=\"so-panel widget widget_sow-headline panel-first-child panel-last-child\" data-index=\"0\" ><div\n\t\t\t\n\t\t\tclass=\"so-widget-sow-headline so-widget-sow-headline-default-851aa3cd5377-2435\"\n\t\t\t\n\t\t><div class=\"sow-headline-container \">\n\t<h2 class='sow-headline'>K\u00f6rpergef\u00fchl<\/h2>\t\t\t\t\t<div class=\"decoration\">\n\t\t\t\t\t\t<div class=\"decoration-inside\"><\/div>\n\t\t\t\t\t<\/div>\n\t\t\t\t\t<h1 class='sow-sub-headline'>Diese Seite ist aktuell in Bearbeitung.<\/h1><\/div>\n<\/div><\/div><\/div><\/div><\/div><div id=\"pg-2435-2\"  class=\"panel-grid panel-has-style\" ><div class=\"siteorigin-panels-stretch panel-row-style-full-width panel-row-style panel-row-style-for-2435-2\" style=\"background-color: #86b343; \" data-stretch-type=\"full-width-stretch\" ><div id=\"pgc-2435-2-0\"  class=\"panel-grid-cell panel-grid-cell-empty\" ><\/div><div id=\"pgc-2435-2-1\"  class=\"panel-grid-cell panel-grid-cell-mobile-last\" ><div id=\"panel-2435-2-1-0\" class=\"so-panel widget widget_sow-headline panel-first-child panel-last-child\" data-index=\"1\" ><div\n\t\t\t\n\t\t\tclass=\"so-widget-sow-headline so-widget-sow-headline-default-d629985c8505-2435\"\n\t\t\t\n\t\t><div class=\"sow-headline-container \">\n\t<h2 class='sow-headline'>,,Beim Yoga geht es nicht darum seine F\u00fc\u00dfe zu ber\u00fchren, sondern  darum was man auf dem Weg nach unten lernt\"<\/h2>\t\t\t\t\t<div class=\"decoration\">\n\t\t\t\t\t\t<div class=\"decoration-inside\"><\/div>\n\t\t\t\t\t<\/div>\n\t\t\t\t\t<h3 class='sow-sub-headline'>- Jigar Gor | indischer Ayurveda Arzt und Yogi -<\/h3><\/div>\n<\/div><\/div><\/div><div id=\"pgc-2435-2-2\"  class=\"panel-grid-cell panel-grid-cell-empty\" ><\/div><\/div><\/div><div id=\"pg-2435-3\"  class=\"panel-grid panel-has-style\" ><div class=\"siteorigin-panels-stretch panel-row-style-full-width panel-row-style panel-row-style-for-2435-3\" style=\"background-color: #ffffff; \" data-stretch-type=\"full-width-stretch\" ><div id=\"pgc-2435-3-0\"  class=\"panel-grid-cell panel-grid-cell-empty\" ><\/div><div id=\"pgc-2435-3-1\"  class=\"panel-grid-cell panel-grid-cell-empty panel-grid-cell-mobile-last\" ><\/div><div id=\"pgc-2435-3-2\"  class=\"panel-grid-cell panel-grid-cell-empty\" ><\/div><\/div><\/div><div id=\"pg-2435-4\"  class=\"panel-grid panel-has-style\" ><div class=\"siteorigin-panels-stretch panel-row-style-full-width panel-row-style panel-row-style-for-2435-4\" data-stretch-type=\"full-width-stretch\" ><div id=\"pgc-2435-4-0\"  class=\"panel-grid-cell\" ><\/div><\/div><\/div><\/div>","protected":false},"excerpt":{"rendered":"<p>K\u00f6rpergef\u00fchl Diese Seite ist aktuell in Bearbeitung. ,,Beim Yoga geht es nicht darum seine F\u00fc\u00dfe zu ber\u00fchren, sondern darum was man auf dem Weg nach unten lernt&#8220; &#8211; Jigar Gor | indischer Ayurveda Arzt und Yogi &#8211;<\/p>\n","protected":false},"author":2,"featured_media":0,"parent":2426,"menu_order":0,"comment_status":"closed","ping_status":"closed","template":"home-panels.php","meta":{"footnotes":""},"class_list":["post-2435","page","type-page","status-publish","hentry","post"],"_links":{"self":[{"href":"https:\/\/www.k\u00f6\u00f6v.de\/index.php?rest_route=\/wp\/v2\/pages\/2435","targetHints":{"allow":["GET"]}}],"collection":[{"href":"https:\/\/www.k\u00f6\u00f6v.de\/index.php?rest_route=\/wp\/v2\/pages"}],"about":[{"href":"https:\/\/www.k\u00f6\u00f6v.de\/index.php?rest_route=\/wp\/v2\/types\/page"}],"author":[{"embeddable":true,"href":"https:\/\/www.k\u00f6\u00f6v.de\/index.php?rest_route=\/wp\/v2\/users\/2"}],"replies":[{"embeddable":true,"href":"https:\/\/www.k\u00f6\u00f6v.de\/index.php?rest_route=%2Fwp%2Fv2%2Fcomments&post=2435"}],"version-history":[{"count":9,"href":"https:\/\/www.k\u00f6\u00f6v.de\/index.php?rest_route=\/wp\/v2\/pages\/2435\/revisions"}],"predecessor-version":[{"id":3574,"href":"https:\/\/www.k\u00f6\u00f6v.de\/index.php?rest_route=\/wp\/v2\/pages\/2435\/revisions\/3574"}],"up":[{"embeddable":true,"href":"https:\/\/www.k\u00f6\u00f6v.de\/index.php?rest_route=\/wp\/v2\/pages\/2426"}],"wp:attachment":[{"href":"https:\/\/www.k\u00f6\u00f6v.de\/index.php?rest_route=%2Fwp%2Fv2%2Fmedia&parent=2435"}],"curies":[{"name":"wp","href":"https:\/\/api.w.org\/{rel}","templated":true}]}}