{"id":2444,"date":"2024-01-04T22:05:26","date_gmt":"2024-01-04T21:05:26","guid":{"rendered":"https:\/\/www.k\u00f6\u00f6v.de\/?page_id=2444"},"modified":"2025-08-22T11:40:46","modified_gmt":"2025-08-22T09:40:46","slug":"home-3-3-2-2-2-2-2-2-2-2-2-2-2-2","status":"publish","type":"page","link":"https:\/\/www.k\u00f6\u00f6v.de\/?page_id=2444","title":{"rendered":"nat\u00fcrliche Bewegungsabl\u00e4ufe"},"content":{"rendered":"<div id=\"pl-2444\"  class=\"panel-layout\" ><div id=\"pg-2444-0\"  class=\"panel-grid panel-has-style\" ><div class=\"siteorigin-panels-stretch panel-row-style-full-width panel-row-style panel-row-style-for-2444-0\" style=\"background-color: #7a8293; \" data-stretch-type=\"full-width-stretch\" ><div id=\"pgc-2444-0-0\"  class=\"panel-grid-cell panel-grid-cell-empty\" ><\/div><div id=\"pgc-2444-0-1\"  class=\"panel-grid-cell panel-grid-cell-empty panel-grid-cell-mobile-last\" ><\/div><div id=\"pgc-2444-0-2\"  class=\"panel-grid-cell panel-grid-cell-empty\" ><\/div><\/div><\/div><div id=\"pg-2444-1\"  class=\"panel-grid panel-has-style\" ><div class=\"so-parallax siteorigin-panels-stretch panel-row-style-full-width panel-row-style panel-row-style-for-2444-1\" data-stretch-type=\"full-width-stretch\" ><img fetchpriority=\"high\" decoding=\"async\" width=\"6000\" height=\"8000\" src=\"https:\/\/www.k\u00f6\u00f6v.de\/wp-content\/uploads\/2021\/12\/2DFADC62-6DB8-4093-AAFF-066D20A12F7F.png\" class=\"attachment-full size-full\" alt=\"\" data-siteorigin-parallax=\"true\" loading=\"eager\" srcset=\"https:\/\/www.k\u00f6\u00f6v.de\/wp-content\/uploads\/2021\/12\/2DFADC62-6DB8-4093-AAFF-066D20A12F7F.png 6000w, https:\/\/www.k\u00f6\u00f6v.de\/wp-content\/uploads\/2021\/12\/2DFADC62-6DB8-4093-AAFF-066D20A12F7F-225x300.png 225w, https:\/\/www.k\u00f6\u00f6v.de\/wp-content\/uploads\/2021\/12\/2DFADC62-6DB8-4093-AAFF-066D20A12F7F-768x1024.png 768w, https:\/\/www.k\u00f6\u00f6v.de\/wp-content\/uploads\/2021\/12\/2DFADC62-6DB8-4093-AAFF-066D20A12F7F-1152x1536.png 1152w, https:\/\/www.k\u00f6\u00f6v.de\/wp-content\/uploads\/2021\/12\/2DFADC62-6DB8-4093-AAFF-066D20A12F7F-1536x2048.png 1536w\" sizes=\"(max-width: 6000px) 100vw, 6000px\" \/><div id=\"pgc-2444-1-0\"  class=\"panel-grid-cell panel-grid-cell-empty\" ><\/div><div id=\"pgc-2444-1-1\"  class=\"panel-grid-cell panel-grid-cell-mobile-last\" ><div id=\"panel-2444-1-1-0\" class=\"so-panel widget widget_sow-headline panel-first-child panel-last-child\" data-index=\"0\" ><div class=\"so-rounded panel-widget-style panel-widget-style-for-2444-1-1-0\" ><div\n\t\t\t\n\t\t\tclass=\"so-widget-sow-headline so-widget-sow-headline-default-7f4d53416395-2444\"\n\t\t\t\n\t\t><div class=\"sow-headline-container \">\n\t<h2 class='sow-headline'>nat\u00fcrliche Bewegungsabl\u00e4ufe<\/h2>\t\t\t\t\t<div class=\"decoration\">\n\t\t\t\t\t\t<div class=\"decoration-inside\"><\/div>\n\t\t\t\t\t<\/div>\n\t\t\t\t\t<h3 class='sow-sub-headline'>Sch\u00f6n ohne Stress<\/h3><\/div>\n<\/div><\/div><\/div><\/div><div id=\"pgc-2444-1-2\"  class=\"panel-grid-cell panel-grid-cell-empty\" ><\/div><\/div><\/div><div id=\"pg-2444-2\"  class=\"panel-grid panel-has-style\" ><div class=\"siteorigin-panels-stretch panel-row-style-full-width panel-row-style panel-row-style-for-2444-2\" style=\"background-color: #7a6927; \" data-stretch-type=\"full-width-stretch\" ><div id=\"pgc-2444-2-0\"  class=\"panel-grid-cell panel-grid-cell-empty\" ><\/div><div id=\"pgc-2444-2-1\"  class=\"panel-grid-cell panel-grid-cell-empty panel-grid-cell-mobile-last\" ><\/div><div id=\"pgc-2444-2-2\"  class=\"panel-grid-cell panel-grid-cell-empty\" ><\/div><\/div><\/div><div id=\"pg-2444-3\"  class=\"panel-grid panel-has-style\" ><div class=\"siteorigin-panels-stretch panel-row-style-full-width panel-row-style panel-row-style-for-2444-3\" style=\"background-color: rgba(170,204,119,0.52); \" data-stretch-type=\"full-width-stretch\" ><div id=\"pgc-2444-3-0\"  class=\"panel-grid-cell panel-grid-cell-empty\" ><\/div><div id=\"pgc-2444-3-1\"  class=\"panel-grid-cell panel-grid-cell-mobile-last\" ><div class=\"panel-cell-style panel-cell-style-for-2444-3-1\" ><div id=\"panel-2444-3-1-0\" class=\"so-panel widget widget_sow-icon panel-first-child\" data-index=\"1\" ><div class=\"panel-widget-style panel-widget-style-for-2444-3-1-0\" ><div\n\t\t\t\n\t\t\tclass=\"so-widget-sow-icon so-widget-sow-icon-default-ceb708cc40e9-2444\"\n\t\t\t\n\t\t>\n<div class=\"sow-icon-container sow-icon\">\n\t\t\t<span class=\"sow-icon-ionicons\" data-sow-icon=\"&#xf432;\"\n\t\t \n\t\taria-hidden=\"true\"><\/span>\t<\/div>\n<\/div><\/div><\/div><div id=\"panel-2444-3-1-1\" class=\"so-panel widget widget_sow-editor panel-last-child\" data-index=\"2\" ><div\n\t\t\t\n\t\t\tclass=\"so-widget-sow-editor so-widget-sow-editor-base\"\n\t\t\t\n\t\t>\n<div class=\"siteorigin-widget-tinymce textwidget\">\n\t<h2 style=\"text-align: center;\"><span class=\"so-premium-web-font\" style=\"font-size: 18pt; font-family: Lato; color: #216621;\" data-web-font-module=\"google\" data-font-info=\"{&quot;font&quot;:&quot;Lato&quot;,&quot;webfont&quot;:true,&quot;variant&quot;:null,&quot;module&quot;:&quot;google&quot;}\"><strong>Aktuell keine Termine. <\/strong><\/span><\/h2>\n<h2 style=\"text-align: center;\"><span class=\"so-premium-web-font\" style=\"font-size: 18pt; font-family: Lato; color: #216621;\" data-web-font-module=\"google\" data-font-info=\"{&quot;font&quot;:&quot;Lato&quot;,&quot;webfont&quot;:true,&quot;variant&quot;:null,&quot;module&quot;:&quot;google&quot;}\"><strong>Neue Termine folgen im Herbst.<\/strong><\/span><\/h2>\n<p>&nbsp;<\/p>\n<\/div>\n<\/div><\/div><\/div><\/div><div id=\"pgc-2444-3-2\"  class=\"panel-grid-cell panel-grid-cell-empty\" ><\/div><\/div><\/div><div id=\"pg-2444-4\"  class=\"panel-grid panel-has-style\" ><div class=\"siteorigin-panels-stretch panel-row-style-full-width panel-row-style panel-row-style-for-2444-4\" style=\"background-color: #7a6927; \" data-stretch-type=\"full-width-stretch\" ><div id=\"pgc-2444-4-0\"  class=\"panel-grid-cell panel-grid-cell-empty\" ><\/div><div id=\"pgc-2444-4-1\"  class=\"panel-grid-cell panel-grid-cell-empty panel-grid-cell-mobile-last\" ><\/div><div id=\"pgc-2444-4-2\"  class=\"panel-grid-cell panel-grid-cell-empty\" ><\/div><\/div><\/div><div id=\"pg-2444-5\"  class=\"panel-grid panel-has-style\" ><div class=\"so-parallax siteorigin-panels-stretch panel-row-style-full-width panel-row-style panel-row-style-for-2444-5\" style=\"background-color: rgba(159,199,170,0.7); \" data-stretch-type=\"full-width-stretch\" ><img fetchpriority=\"high\" decoding=\"async\" width=\"6000\" height=\"8000\" src=\"https:\/\/www.k\u00f6\u00f6v.de\/wp-content\/uploads\/2021\/12\/2DFADC62-6DB8-4093-AAFF-066D20A12F7F.png\" class=\"attachment-full size-full\" alt=\"\" data-siteorigin-parallax=\"true\" loading=\"eager\" srcset=\"https:\/\/www.k\u00f6\u00f6v.de\/wp-content\/uploads\/2021\/12\/2DFADC62-6DB8-4093-AAFF-066D20A12F7F.png 6000w, https:\/\/www.k\u00f6\u00f6v.de\/wp-content\/uploads\/2021\/12\/2DFADC62-6DB8-4093-AAFF-066D20A12F7F-225x300.png 225w, https:\/\/www.k\u00f6\u00f6v.de\/wp-content\/uploads\/2021\/12\/2DFADC62-6DB8-4093-AAFF-066D20A12F7F-768x1024.png 768w, https:\/\/www.k\u00f6\u00f6v.de\/wp-content\/uploads\/2021\/12\/2DFADC62-6DB8-4093-AAFF-066D20A12F7F-1152x1536.png 1152w, https:\/\/www.k\u00f6\u00f6v.de\/wp-content\/uploads\/2021\/12\/2DFADC62-6DB8-4093-AAFF-066D20A12F7F-1536x2048.png 1536w\" sizes=\"(max-width: 6000px) 100vw, 6000px\" \/><div id=\"pgc-2444-5-0\"  class=\"panel-grid-cell panel-grid-cell-empty\" ><\/div><div id=\"pgc-2444-5-1\"  class=\"panel-grid-cell panel-grid-cell-mobile-last\" ><div class=\"panel-cell-style panel-cell-style-for-2444-5-1\" ><div id=\"panel-2444-5-1-0\" class=\"so-panel widget widget_sow-editor panel-first-child panel-last-child\" data-index=\"3\" ><div class=\"panel-widget-style panel-widget-style-for-2444-5-1-0\" ><div\n\t\t\t\n\t\t\tclass=\"so-widget-sow-editor so-widget-sow-editor-base\"\n\t\t\t\n\t\t>\n<div class=\"siteorigin-widget-tinymce textwidget\">\n\t<p><a rel=\"noopener\" href=\"https:\/\/buchung.treatwell.de\/ort\/lille-h-koeoev\/\" target=\"_blank\"><img loading=\"lazy\" decoding=\"async\" class=\"aligncenter wp-image-2310\" src=\"https:\/\/www.k\u00f6\u00f6v.de\/wp-content\/uploads\/2023\/09\/online-Termin-vereinbaren-300x300.png\" alt=\"\" width=\"233\" height=\"233\" srcset=\"https:\/\/www.k\u00f6\u00f6v.de\/wp-content\/uploads\/2023\/09\/online-Termin-vereinbaren-300x300.png 300w, https:\/\/www.k\u00f6\u00f6v.de\/wp-content\/uploads\/2023\/09\/online-Termin-vereinbaren-150x150.png 150w, https:\/\/www.k\u00f6\u00f6v.de\/wp-content\/uploads\/2023\/09\/online-Termin-vereinbaren.png 500w\" sizes=\"auto, (max-width: 233px) 100vw, 233px\" \/><\/a><\/p>\n<p>&nbsp;<\/p>\n<\/div>\n<\/div><\/div><\/div><\/div><\/div><div id=\"pgc-2444-5-2\"  class=\"panel-grid-cell panel-grid-cell-empty\" ><\/div><\/div><\/div><div id=\"pg-2444-6\"  class=\"panel-grid panel-has-style\" ><div class=\"siteorigin-panels-stretch panel-row-style-full-width panel-row-style panel-row-style-for-2444-6\" style=\"background-color: #b09d48; \" data-stretch-type=\"full-width-stretch\" ><div id=\"pgc-2444-6-0\"  class=\"panel-grid-cell panel-grid-cell-empty\" ><\/div><div id=\"pgc-2444-6-1\"  class=\"panel-grid-cell panel-grid-cell-mobile-last\" ><div id=\"panel-2444-6-1-0\" class=\"so-panel widget widget_sow-headline panel-first-child panel-last-child\" data-index=\"4\" ><div\n\t\t\t\n\t\t\tclass=\"so-widget-sow-headline so-widget-sow-headline-default-6a4e97bfefbc-2444\"\n\t\t\t\n\t\t><div class=\"sow-headline-container \">\n\t<h2 class='sow-headline'>,,Be water my friend \/ Sei Wasser mein Freund\"<\/h2>\t\t\t\t\t<div class=\"decoration\">\n\t\t\t\t\t\t<div class=\"decoration-inside\"><\/div>\n\t\t\t\t\t<\/div>\n\t\t\t\t\t<h3 class='sow-sub-headline'>Bruce Lee<\/h3><\/div>\n<\/div><\/div><\/div><div id=\"pgc-2444-6-2\"  class=\"panel-grid-cell panel-grid-cell-empty\" ><\/div><\/div><\/div><div id=\"pg-2444-7\"  class=\"panel-grid panel-has-style\" ><div class=\"siteorigin-panels-stretch panel-row-style-full-width panel-row-style panel-row-style-for-2444-7\" style=\"background-color: #7a6927; \" data-stretch-type=\"full-width-stretch\" ><div id=\"pgc-2444-7-0\"  class=\"panel-grid-cell panel-grid-cell-empty\" ><\/div><div id=\"pgc-2444-7-1\"  class=\"panel-grid-cell panel-grid-cell-empty panel-grid-cell-mobile-last\" ><\/div><div id=\"pgc-2444-7-2\"  class=\"panel-grid-cell panel-grid-cell-empty\" ><\/div><\/div><\/div><div id=\"pg-2444-8\"  class=\"panel-grid panel-has-style\" ><div class=\"siteorigin-panels-stretch panel-row-style-full-width panel-row-style panel-row-style-for-2444-8\" style=\"background-color: rgba(170,204,119,0.7); \" data-stretch-type=\"full-width-stretch\" ><div id=\"pgc-2444-8-0\"  class=\"panel-grid-cell\" ><div class=\"panel-cell-style panel-cell-style-for-2444-8-0\" ><div id=\"panel-2444-8-0-0\" class=\"so-panel widget widget_sow-icon panel-first-child\" data-index=\"5\" ><div class=\"panel-widget-style panel-widget-style-for-2444-8-0-0\" ><div\n\t\t\t\n\t\t\tclass=\"so-widget-sow-icon so-widget-sow-icon-default-ceb708cc40e9-2444\"\n\t\t\t\n\t\t>\n<div class=\"sow-icon-container sow-icon\">\n\t\t\t<span class=\"sow-icon-ionicons\" data-sow-icon=\"&#xf432;\"\n\t\t \n\t\taria-hidden=\"true\"><\/span>\t<\/div>\n<\/div><\/div><\/div><div id=\"panel-2444-8-0-1\" class=\"so-panel widget widget_sow-editor panel-last-child\" data-index=\"6\" ><div class=\"panel-widget-style panel-widget-style-for-2444-8-0-1\" ><div\n\t\t\t\n\t\t\tclass=\"so-widget-sow-editor so-widget-sow-editor-base\"\n\t\t\t\n\t\t>\n<div class=\"siteorigin-widget-tinymce textwidget\">\n\t<p style=\"text-align: center;\"><span style=\"font-size: 18pt; color: #7a5927;\">\u00a0<\/span><\/p>\n<\/div>\n<\/div><\/div><\/div><\/div><\/div><div id=\"pgc-2444-8-1\"  class=\"panel-grid-cell panel-grid-cell-empty\" ><div class=\"panel-cell-style panel-cell-style-for-2444-8-1\" ><\/div><\/div><div id=\"pgc-2444-8-2\"  class=\"panel-grid-cell\" ><div class=\"panel-cell-style panel-cell-style-for-2444-8-2\" ><div id=\"panel-2444-8-2-0\" class=\"so-panel widget widget_sow-icon panel-first-child\" data-index=\"7\" ><div class=\"panel-widget-style panel-widget-style-for-2444-8-2-0\" ><div\n\t\t\t\n\t\t\tclass=\"so-widget-sow-icon so-widget-sow-icon-default-ceb708cc40e9-2444\"\n\t\t\t\n\t\t>\n<div class=\"sow-icon-container sow-icon\">\n\t\t\t<span class=\"sow-icon-ionicons\" data-sow-icon=\"&#xf432;\"\n\t\t \n\t\taria-hidden=\"true\"><\/span>\t<\/div>\n<\/div><\/div><\/div><div id=\"panel-2444-8-2-1\" class=\"so-panel widget widget_sow-editor panel-last-child\" data-index=\"8\" ><div class=\"panel-widget-style panel-widget-style-for-2444-8-2-1\" ><div\n\t\t\t\n\t\t\tclass=\"so-widget-sow-editor so-widget-sow-editor-base\"\n\t\t\t\n\t\t>\n<div class=\"siteorigin-widget-tinymce textwidget\">\n\t<\/div>\n<\/div><\/div><\/div><\/div><\/div><\/div><\/div><div id=\"pg-2444-9\"  class=\"panel-grid panel-has-style\" ><div class=\"siteorigin-panels-stretch panel-row-style-full-width panel-row-style panel-row-style-for-2444-9\" style=\"background-color: #7a6927; \" data-stretch-type=\"full-width-stretch\" ><div id=\"pgc-2444-9-0\"  class=\"panel-grid-cell panel-grid-cell-empty\" ><\/div><div id=\"pgc-2444-9-1\"  class=\"panel-grid-cell panel-grid-cell-empty panel-grid-cell-mobile-last\" ><\/div><div id=\"pgc-2444-9-2\"  class=\"panel-grid-cell panel-grid-cell-empty\" ><\/div><\/div><\/div><div id=\"pg-2444-10\"  class=\"panel-grid panel-has-style\" ><div class=\"so-parallax siteorigin-panels-stretch panel-row-style-full-width panel-row-style panel-row-style-for-2444-10\" style=\"background-color: #9fc7aa; \" data-stretch-type=\"full-width-stretch\" ><img fetchpriority=\"high\" decoding=\"async\" width=\"6000\" height=\"8000\" src=\"https:\/\/www.k\u00f6\u00f6v.de\/wp-content\/uploads\/2021\/12\/2DFADC62-6DB8-4093-AAFF-066D20A12F7F.png\" class=\"attachment-full size-full\" alt=\"\" data-siteorigin-parallax=\"true\" loading=\"eager\" srcset=\"https:\/\/www.k\u00f6\u00f6v.de\/wp-content\/uploads\/2021\/12\/2DFADC62-6DB8-4093-AAFF-066D20A12F7F.png 6000w, https:\/\/www.k\u00f6\u00f6v.de\/wp-content\/uploads\/2021\/12\/2DFADC62-6DB8-4093-AAFF-066D20A12F7F-225x300.png 225w, https:\/\/www.k\u00f6\u00f6v.de\/wp-content\/uploads\/2021\/12\/2DFADC62-6DB8-4093-AAFF-066D20A12F7F-768x1024.png 768w, https:\/\/www.k\u00f6\u00f6v.de\/wp-content\/uploads\/2021\/12\/2DFADC62-6DB8-4093-AAFF-066D20A12F7F-1152x1536.png 1152w, https:\/\/www.k\u00f6\u00f6v.de\/wp-content\/uploads\/2021\/12\/2DFADC62-6DB8-4093-AAFF-066D20A12F7F-1536x2048.png 1536w\" sizes=\"(max-width: 6000px) 100vw, 6000px\" \/><div id=\"pgc-2444-10-0\"  class=\"panel-grid-cell panel-grid-cell-empty\" ><\/div><div id=\"pgc-2444-10-1\"  class=\"panel-grid-cell panel-grid-cell-mobile-last\" ><div class=\"panel-cell-style panel-cell-style-for-2444-10-1\" ><div id=\"panel-2444-10-1-0\" class=\"so-panel widget widget_sow-editor panel-first-child panel-last-child\" data-index=\"9\" ><div class=\"panel-widget-style panel-widget-style-for-2444-10-1-0\" ><div\n\t\t\t\n\t\t\tclass=\"so-widget-sow-editor so-widget-sow-editor-base\"\n\t\t\t\n\t\t>\n<div class=\"siteorigin-widget-tinymce textwidget\">\n\t<h3 style=\"text-align: center;\"><\/h3>\n<h3 style=\"text-align: center;\"><span class=\"so-premium-web-font\" style=\"color: #216621; font-size: 14pt; font-family: Lato;\" data-web-font-module=\"google\" data-font-info=\"{&quot;font&quot;:&quot;Lato&quot;,&quot;webfont&quot;:true,&quot;variant&quot;:null,&quot;module&quot;:&quot;google&quot;}\">Bei weiteren Fragen wende dich bitte an info@schoen-ohne-stress.de oder telefonisch unter 0171 81 51 507<\/span><\/h3>\n<\/div>\n<\/div><\/div><\/div><\/div><\/div><div id=\"pgc-2444-10-2\"  class=\"panel-grid-cell panel-grid-cell-empty\" ><\/div><\/div><\/div><div id=\"pg-2444-11\"  class=\"panel-grid panel-has-style\" ><div class=\"siteorigin-panels-stretch panel-row-style-full-width panel-row-style panel-row-style-for-2444-11\" style=\"background-color: #7a6927; \" data-stretch-type=\"full-width-stretch\" ><div id=\"pgc-2444-11-0\"  class=\"panel-grid-cell panel-grid-cell-empty\" ><\/div><div id=\"pgc-2444-11-1\"  class=\"panel-grid-cell panel-grid-cell-empty panel-grid-cell-mobile-last\" ><\/div><div id=\"pgc-2444-11-2\"  class=\"panel-grid-cell panel-grid-cell-empty\" ><\/div><\/div><\/div><div id=\"pg-2444-12\"  class=\"panel-grid panel-has-style\" ><div class=\"siteorigin-panels-stretch panel-row-style-full-width panel-row-style panel-row-style-for-2444-12\" style=\"background-color: #bda678; \" data-stretch-type=\"full-width-stretch\" ><div id=\"pgc-2444-12-0\"  class=\"panel-grid-cell\" ><\/div><\/div><\/div><\/div>","protected":false},"excerpt":{"rendered":"<p>nat\u00fcrliche Bewegungsabl\u00e4ufe Sch\u00f6n ohne Stress Aktuell keine Termine. Neue Termine folgen im Herbst. &nbsp; &nbsp; ,,Be water my friend \/ Sei Wasser mein Freund&#8220; Bruce Lee \u00a0 Bei weiteren Fragen wende dich bitte an info@schoen-ohne-stress.de oder telefonisch unter 0171 81 51 507<\/p>\n","protected":false},"author":2,"featured_media":0,"parent":2426,"menu_order":0,"comment_status":"closed","ping_status":"closed","template":"home-panels.php","meta":{"footnotes":""},"class_list":["post-2444","page","type-page","status-publish","hentry","post"],"_links":{"self":[{"href":"https:\/\/www.k\u00f6\u00f6v.de\/index.php?rest_route=\/wp\/v2\/pages\/2444","targetHints":{"allow":["GET"]}}],"collection":[{"href":"https:\/\/www.k\u00f6\u00f6v.de\/index.php?rest_route=\/wp\/v2\/pages"}],"about":[{"href":"https:\/\/www.k\u00f6\u00f6v.de\/index.php?rest_route=\/wp\/v2\/types\/page"}],"author":[{"embeddable":true,"href":"https:\/\/www.k\u00f6\u00f6v.de\/index.php?rest_route=\/wp\/v2\/users\/2"}],"replies":[{"embeddable":true,"href":"https:\/\/www.k\u00f6\u00f6v.de\/index.php?rest_route=%2Fwp%2Fv2%2Fcomments&post=2444"}],"version-history":[{"count":126,"href":"https:\/\/www.k\u00f6\u00f6v.de\/index.php?rest_route=\/wp\/v2\/pages\/2444\/revisions"}],"predecessor-version":[{"id":3583,"href":"https:\/\/www.k\u00f6\u00f6v.de\/index.php?rest_route=\/wp\/v2\/pages\/2444\/revisions\/3583"}],"up":[{"embeddable":true,"href":"https:\/\/www.k\u00f6\u00f6v.de\/index.php?rest_route=\/wp\/v2\/pages\/2426"}],"wp:attachment":[{"href":"https:\/\/www.k\u00f6\u00f6v.de\/index.php?rest_route=%2Fwp%2Fv2%2Fmedia&parent=2444"}],"curies":[{"name":"wp","href":"https:\/\/api.w.org\/{rel}","templated":true}]}}