{"id":320,"date":"2016-11-29T14:24:20","date_gmt":"2016-11-29T13:24:20","guid":{"rendered":"http:\/\/www.k\u00f6\u00f6v.de\/?page_id=320"},"modified":"2025-10-14T09:33:42","modified_gmt":"2025-10-14T07:33:42","slug":"impressum-von-lille-h-koeoev","status":"publish","type":"page","link":"https:\/\/www.k\u00f6\u00f6v.de\/?page_id=320","title":{"rendered":"IMPRESSUM"},"content":{"rendered":"<div id=\"pl-320\"  class=\"panel-layout\" ><div id=\"pg-320-0\"  class=\"panel-grid panel-has-style\" ><div class=\"siteorigin-panels-stretch panel-row-style-full-width panel-row-style panel-row-style-for-320-0\" style=\"background-color: rgba(238,206,200,0.7); \" data-stretch-type=\"full\" ><div id=\"pgc-320-0-0\"  class=\"panel-grid-cell\" ><div id=\"panel-320-0-0-0\" class=\"so-panel widget widget_sow-editor panel-first-child panel-last-child\" data-index=\"0\" ><div class=\"panel-widget-style panel-widget-style-for-320-0-0-0\" ><div\n\t\t\t\n\t\t\tclass=\"so-widget-sow-editor so-widget-sow-editor-base\"\n\t\t\t\n\t\t>\n<div class=\"siteorigin-widget-tinymce textwidget\">\n\t<h2><span class=\"so-premium-web-font\" style=\"font-family: Lato; font-size: 36pt;\" data-web-font-module=\"google\" data-font-info=\"{&quot;font&quot;:&quot;Lato&quot;,&quot;webfont&quot;:true,&quot;variant&quot;:null,&quot;module&quot;:&quot;google&quot;}\">Impressum<\/span><\/h2>\n<p>&nbsp;<\/p>\n<h2><strong><span class=\"so-premium-web-font\" style=\"font-family: Lato;\" data-web-font-module=\"google\" data-font-info=\"{&quot;font&quot;:&quot;Lato&quot;,&quot;webfont&quot;:true,&quot;variant&quot;:null,&quot;module&quot;:&quot;google&quot;}\">Kontakt<\/span><\/strong><\/h2>\n<p><span style=\"font-size: 14pt;\"><span class=\"so-premium-web-font\" style=\"font-family: Lato;\" data-web-font-module=\"google\" data-font-info=\"{&quot;font&quot;:&quot;Lato&quot;,&quot;webfont&quot;:true,&quot;variant&quot;:null,&quot;module&quot;:&quot;google&quot;}\">Lille H. K\u00f6\u00f6v <\/span><\/span><span class=\"so-premium-web-font\" style=\"font-family: Lato;\" data-web-font-module=\"google\" data-font-info=\"{&quot;font&quot;:&quot;Lato&quot;,&quot;webfont&quot;:true,&quot;variant&quot;:null,&quot;module&quot;:&quot;google&quot;}\"><br \/>\n<\/span><span class=\"so-premium-web-font\" style=\"font-family: Lato;\" data-web-font-module=\"google\" data-font-info=\"{&quot;font&quot;:&quot;Lato&quot;,&quot;webfont&quot;:true,&quot;variant&quot;:null,&quot;module&quot;:&quot;google&quot;}\">SCH\u00d6NHEIT | CORPUS | SEELE<\/span><\/p>\n<p><span class=\"so-premium-web-font\" style=\"font-family: Lato;\" data-web-font-module=\"google\" data-font-info=\"{&quot;font&quot;:&quot;Lato&quot;,&quot;webfont&quot;:true,&quot;variant&quot;:null,&quot;module&quot;:&quot;google&quot;}\">Franziska Hesse<\/span><br \/>\n<span class=\"so-premium-web-font\" style=\"font-family: Lato;\" data-web-font-module=\"google\" data-font-info=\"{&quot;font&quot;:&quot;Lato&quot;,&quot;webfont&quot;:true,&quot;variant&quot;:null,&quot;module&quot;:&quot;google&quot;}\">Stauffenbergstra\u00dfe 4<\/span><br \/>\n<span class=\"so-premium-web-font\" style=\"font-family: Lato;\" data-web-font-module=\"google\" data-font-info=\"{&quot;font&quot;:&quot;Lato&quot;,&quot;webfont&quot;:true,&quot;variant&quot;:null,&quot;module&quot;:&quot;google&quot;}\">49565 Bramsche<\/span><\/p>\n<p><span class=\"so-premium-web-font\" style=\"font-family: Lato;\" data-web-font-module=\"google\" data-font-info=\"{&quot;font&quot;:&quot;Lato&quot;,&quot;webfont&quot;:true,&quot;variant&quot;:null,&quot;module&quot;:&quot;google&quot;}\">Tel.: 0171 81 51 507<br \/>\n<\/span><span class=\"so-premium-web-font\" style=\"font-family: Lato;\" data-web-font-module=\"google\" data-font-info=\"{&quot;font&quot;:&quot;Lato&quot;,&quot;webfont&quot;:true,&quot;variant&quot;:null,&quot;module&quot;:&quot;google&quot;}\">E-Mail: info@schoen-ohne-stress.de<\/span><\/p>\n<p>&nbsp;<\/p>\n<h2><strong><span class=\"so-premium-web-font\" style=\"font-family: Lato;\" data-web-font-module=\"google\" data-font-info=\"{&quot;font&quot;:&quot;Lato&quot;,&quot;webfont&quot;:true,&quot;variant&quot;:null,&quot;module&quot;:&quot;google&quot;}\">Umsatzsteuer<\/span><\/strong><\/h2>\n<p><span class=\"so-premium-web-font\" style=\"font-family: Lato; font-size: 16px; font-weight: 400;\" data-web-font-module=\"google\" data-font-info=\"{&quot;font&quot;:&quot;Lato&quot;,&quot;webfont&quot;:true,&quot;variant&quot;:null,&quot;module&quot;:&quot;google&quot;}\">Umsatzsteuer Identifikationsnummer: DE298409155<\/span><\/p>\n<h2><strong><span class=\"so-premium-web-font\" style=\"font-family: Lato;\" data-web-font-module=\"google\" data-font-info=\"{&quot;font&quot;:&quot;Lato&quot;,&quot;webfont&quot;:true,&quot;variant&quot;:null,&quot;module&quot;:&quot;google&quot;}\">Steuernummer<\/span><\/strong><\/h2>\n<p><span class=\"so-premium-web-font\" style=\"font-family: Lato; font-size: 12pt;\" data-web-font-module=\"google\" data-font-info=\"{&quot;font&quot;:&quot;Lato&quot;,&quot;webfont&quot;:true,&quot;variant&quot;:null,&quot;module&quot;:&quot;google&quot;}\"> 66\/117\/03652 beim Finanzamt: Quakenbr\u00fcck<\/span><\/p>\n<p>&nbsp;<\/p>\n<p>&nbsp;<\/p>\n<h2><span class=\"so-premium-web-font\" style=\"font-family: Lato;\" data-web-font-module=\"google\" data-font-info=\"{&quot;font&quot;:&quot;Lato&quot;,&quot;webfont&quot;:true,&quot;variant&quot;:null,&quot;module&quot;:&quot;google&quot;}\"><strong>Urheberrecht<\/strong><\/span><\/h2>\n<p><span class=\"so-premium-web-font\" style=\"font-family: Lato;\" data-web-font-module=\"google\" data-font-info=\"{&quot;font&quot;:&quot;Lato&quot;,&quot;webfont&quot;:true,&quot;variant&quot;:null,&quot;module&quot;:&quot;google&quot;}\">Die durch die Seitenbetreiber erstellten Inhalte und Werke auf diesen Seiten unterliegen dem deutschen Urheberrecht. Die Vervielf\u00e4ltigung, Bearbeitung, Verbreitung und jede Art der Verwertung au\u00dferhalb der Grenzen des Urheberrechtes bed\u00fcrfen der schriftlichen Zustimmung des jeweiligen Autors bzw. Erstellers.<\/span><br \/>\n<span class=\"so-premium-web-font\" style=\"font-family: Lato;\" data-web-font-module=\"google\" data-font-info=\"{&quot;font&quot;:&quot;Lato&quot;,&quot;webfont&quot;:true,&quot;variant&quot;:null,&quot;module&quot;:&quot;google&quot;}\">Downloads und Kopien dieser Seite sind nur f\u00fcr den privaten, nicht kommerziellen Gebrauch gestattet. Soweit die Inhalte auf dieser Seite nicht vom Betreiber erstellt wurden, werden die Urheberrechte Dritter beachtet. Insbesondere werden Inhalte Dritter als solche gekennzeichnet. Sollten Sie trotzdem auf eine Urheberrechtsverletzung aufmerksam werden, bitten wir um einen entsprechenden Hinweis. Bei Bekanntwerden von Rechtsverletzungen werden wir derartige Inhalte umgehend entfernen.<\/span><\/p>\n<p>&nbsp;<\/p>\n<h2><strong><span class=\"so-premium-web-font\" style=\"font-family: Lato;\" data-web-font-module=\"google\" data-font-info=\"{&quot;font&quot;:&quot;Lato&quot;,&quot;webfont&quot;:true,&quot;variant&quot;:null,&quot;module&quot;:&quot;google&quot;}\">Nutzungsbestimmungen und Datenschutz<\/span><\/strong><\/h2>\n<p><span class=\"so-premium-web-font\" style=\"font-family: Lato;\" data-web-font-module=\"google\" data-font-info=\"{&quot;font&quot;:&quot;Lato&quot;,&quot;webfont&quot;:true,&quot;variant&quot;:null,&quot;module&quot;:&quot;google&quot;}\">Die Nutzung unserer Webseite ist in der Regel ohne Angabe personenbezogener Daten m\u00f6glich. Soweit auf unseren Seiten personenbezogene Daten (beispielsweise Name, Anschrift oder eMail-Adressen) erhoben werden, erfolgt dies, soweit m\u00f6glich, stets auf freiwilliger Basis. Diese Daten werden ohne Ihre ausdr\u00fcckliche Zustimmung nicht an Dritte weitergegeben.<\/span><br \/>\n<span class=\"so-premium-web-font\" style=\"font-family: Lato;\" data-web-font-module=\"google\" data-font-info=\"{&quot;font&quot;:&quot;Lato&quot;,&quot;webfont&quot;:true,&quot;variant&quot;:null,&quot;module&quot;:&quot;google&quot;}\">Wir weisen darauf hin, dass die Daten\u00fcbertragung im Internet (z.B. bei der Kommunikation per E-Mail) Sicherheitsl\u00fccken aufweisen kann. Ein l\u00fcckenloser Schutz der Daten vor dem Zugriff durch Dritte ist nicht m\u00f6glich.<\/span><br \/>\n<span class=\"so-premium-web-font\" style=\"font-family: Lato;\" data-web-font-module=\"google\" data-font-info=\"{&quot;font&quot;:&quot;Lato&quot;,&quot;webfont&quot;:true,&quot;variant&quot;:null,&quot;module&quot;:&quot;google&quot;}\">Der Nutzung von im Rahmen der Impressumspflicht ver\u00f6ffentlichten Kontaktdaten durch Dritte zur \u00dcbersendung von nicht ausdr\u00fccklich angeforderter Werbung und Informationsmaterialien wird hiermit ausdr\u00fccklich widersprochen. Die Betreiber der Seiten behalten sich ausdr\u00fccklich rechtliche Schritte im Falle der unverlangten Zusendung von Werbeinformationen, etwa durch Spam-Mails, vor.<\/span><\/p>\n<p>&nbsp;<\/p>\n<h2><strong><span class=\"so-premium-web-font\" style=\"font-family: Lato;\" data-web-font-module=\"google\" data-font-info=\"{&quot;font&quot;:&quot;Lato&quot;,&quot;webfont&quot;:true,&quot;variant&quot;:null,&quot;module&quot;:&quot;google&quot;}\">Haftung<\/span><\/strong><\/h2>\n<p><span class=\"so-premium-web-font\" style=\"font-family: Lato; font-size: 12pt;\" data-web-font-module=\"google\" data-font-info=\"{&quot;font&quot;:&quot;Lato&quot;,&quot;webfont&quot;:true,&quot;variant&quot;:null,&quot;module&quot;:&quot;google&quot;}\">Die Inhalte unserer Seiten wurden mit gr\u00f6\u00dfter Sorgfalt erstellt. F\u00fcr die Richtigkeit, Vollst\u00e4ndigkeit und Aktualit\u00e4t der Inhalte k\u00f6nnen wir jedoch keine Gew\u00e4hr \u00fcbernehmen.<\/span><br \/>\n<span class=\"so-premium-web-font\" style=\"font-family: Lato; font-size: 12pt;\" data-web-font-module=\"google\" data-font-info=\"{&quot;font&quot;:&quot;Lato&quot;,&quot;webfont&quot;:true,&quot;variant&quot;:null,&quot;module&quot;:&quot;google&quot;}\">Als Diensteanbieter sind wir gem\u00e4\u00df \u00a7 7 Abs.1 TMG f\u00fcr eigene Inhalte auf diesen Seiten nach den allgemeinen Gesetzen verantwortlich. Nach \u00a7 8 bis 10 TMG sind wir als Diensteanbieter jedoch nicht verpflichtet, \u00fcbermittelte oder gespeicherte fremde Informationen zu \u00fcberwachen oder nach Umst\u00e4nden zu forschen, die auf eine rechtswidrige T\u00e4tigkeit hinweisen.<\/span><br \/>\n<span class=\"so-premium-web-font\" style=\"font-family: Lato; font-size: 12pt;\" data-web-font-module=\"google\" data-font-info=\"{&quot;font&quot;:&quot;Lato&quot;,&quot;webfont&quot;:true,&quot;variant&quot;:null,&quot;module&quot;:&quot;google&quot;}\">Verpflichtungen zur Entfernung oder Sperrung der Nutzung von Informationen nach den allgemeinen Gesetzen bleiben hiervon unber\u00fchrt.Eine diesbez\u00fcgliche Haftung ist jedoch erst ab dem Zeitpunkt der Kenntnis einer konkreten Rechtsverletzung m\u00f6glich. Bei Bekanntwerden von entsprechenden Rechtsverletzungen werden wir diese Inhalte umgehend entfernen.<\/span><\/p>\n<p><span class=\"so-premium-web-font\" style=\"font-family: Lato;\" data-web-font-module=\"google\" data-font-info=\"{&quot;font&quot;:&quot;Lato&quot;,&quot;webfont&quot;:true,&quot;variant&quot;:null,&quot;module&quot;:&quot;google&quot;}\">Unser Angebot enth\u00e4lt Links zu externen Webseiten Dritter, auf deren Inhalte wir keinen Einfluss haben. Deshalb k\u00f6nnen wir f\u00fcr diese fremden Inhalte auch keine Gew\u00e4hr \u00fcbernehmen. F\u00fcr die Inhalte der verlinkten Seiten ist stets der jeweilige Anbieter oder Betreiber der Seiten verantwortlich. Die verlinkten Seiten wurden zum Zeitpunkt der Verlinkung auf m\u00f6gliche Rechtsverst\u00f6\u00dfe \u00fcberpr\u00fcft. Rechtswidrige Inhalte waren zum Zeitpunkt der Verlinkung nicht erkennbar. Eine permanente inhaltliche Kontrolle der verlinkten Seiten ist jedoch ohne konkrete Anhaltspunkte einer Rechtsverletzung nicht zumutbar. Bei Bekanntwerden von Rechtsverletzungen werden wir derartige Links umgehend entfernen.<\/span><\/p>\n<p>&nbsp;<\/p>\n<h2 align=\"JUSTIFY\"><strong><span class=\"so-premium-web-font\" style=\"font-family: Lato;\" data-web-font-module=\"google\" data-font-info=\"{&quot;font&quot;:&quot;Lato&quot;,&quot;webfont&quot;:true,&quot;variant&quot;:null,&quot;module&quot;:&quot;google&quot;}\">Informationen zur Datenerhebung gem\u00e4\u00df Artikel 13 DSGVO<\/span><\/strong><\/h2>\n<p align=\"JUSTIFY\"><span class=\"so-premium-web-font\" style=\"font-family: Lato;\" data-web-font-module=\"google\" data-font-info=\"{&quot;font&quot;:&quot;Lato&quot;,&quot;webfont&quot;:true,&quot;variant&quot;:null,&quot;module&quot;:&quot;google&quot;}\">Die ,,Lille H. K\u00f6\u00f6v\u201c, Stauffenbergstra\u00dfe 4\u00a0 49565 Bramsche , Gesch\u00e4ftsf\u00fchrerin Frau Franziska Hesse, erhebt Ihre Daten zum Zweck der Vertragsdurchf\u00fchrung, zur Erf\u00fcllung ihrer vertraglichen und vorvertraglichen Pflichten sowie zur Direktwerbung.<\/span><\/p>\n<p align=\"JUSTIFY\"><span class=\"so-premium-web-font\" style=\"font-family: Lato;\" data-web-font-module=\"google\" data-font-info=\"{&quot;font&quot;:&quot;Lato&quot;,&quot;webfont&quot;:true,&quot;variant&quot;:null,&quot;module&quot;:&quot;google&quot;}\">Die Datenerhebung und Datenverarbeitung ist f\u00fcr die Durchf\u00fchrung des Vertrags erforderlich und beruht auf Artikel 6 Abs. 1 b) DSGVO. Eine Weitergabe der Daten an Dritte findet nicht statt. Die Daten werden gel\u00f6scht, sobald sie f\u00fcr den Zweck ihrer Verarbeitung nicht mehr erforderlich sind.<\/span><\/p>\n<p align=\"JUSTIFY\"><span class=\"so-premium-web-font\" style=\"font-family: Lato;\" data-web-font-module=\"google\" data-font-info=\"{&quot;font&quot;:&quot;Lato&quot;,&quot;webfont&quot;:true,&quot;variant&quot;:null,&quot;module&quot;:&quot;google&quot;}\">Sie haben das Recht, der Verwendung Ihrer Daten zum Zweck der Direktwerbung jederzeit zu widersprechen. Zudem sind Sie berechtigt, Auskunft der bei uns \u00fcber Sie gespeicherten Daten zu beantragen sowie bei Unrichtigkeit der Daten die Berichtigung oder bei unzul\u00e4ssiger Datenspeicherung die L\u00f6schung der Daten zu fordern. Sie k\u00f6nnen unseren Datenschutzbeauftragten unter info@schoen-ohne-stress.de oder Lille H. K\u00f6\u00f6v z.H. Franziska Hesse, Stauffenbergstra\u00dfe 4\u00a0 49565 Bramsche erreichen.<\/span><\/p>\n<p align=\"JUSTIFY\"><span class=\"so-premium-web-font\" style=\"font-family: Lato;\" data-web-font-module=\"google\" data-font-info=\"{&quot;font&quot;:&quot;Lato&quot;,&quot;webfont&quot;:true,&quot;variant&quot;:null,&quot;module&quot;:&quot;google&quot;}\">Ihnen steht des Weiteren ein Beschwerderecht bei der Aufsichtsbeh\u00f6rde zu.<\/span><\/p>\n<p>&nbsp;<\/p>\n<\/div>\n<\/div><\/div><\/div><\/div><\/div><\/div><\/div>","protected":false},"excerpt":{"rendered":"<p>Impressum &nbsp; Kontakt Lille H. K\u00f6\u00f6v SCH\u00d6NHEIT | CORPUS | SEELE Franziska Hesse Stauffenbergstra\u00dfe 4 49565 Bramsche Tel.: 0171 81 51 507 E-Mail: info@schoen-ohne-stress.de &nbsp; Umsatzsteuer Umsatzsteuer Identifikationsnummer: DE298409155 Steuernummer 66\/117\/03652 beim Finanzamt: Quakenbr\u00fcck &nbsp; &nbsp; Urheberrecht Die durch die Seitenbetreiber erstellten Inhalte und Werke auf diesen Seiten unterliegen dem deutschen Urheberrecht. Die Vervielf\u00e4ltigung, Bearbeitung, [&hellip;]<\/p>\n","protected":false},"author":2,"featured_media":0,"parent":0,"menu_order":0,"comment_status":"closed","ping_status":"closed","template":"","meta":{"footnotes":""},"class_list":["post-320","page","type-page","status-publish","hentry","post"],"_links":{"self":[{"href":"https:\/\/www.k\u00f6\u00f6v.de\/index.php?rest_route=\/wp\/v2\/pages\/320","targetHints":{"allow":["GET"]}}],"collection":[{"href":"https:\/\/www.k\u00f6\u00f6v.de\/index.php?rest_route=\/wp\/v2\/pages"}],"about":[{"href":"https:\/\/www.k\u00f6\u00f6v.de\/index.php?rest_route=\/wp\/v2\/types\/page"}],"author":[{"embeddable":true,"href":"https:\/\/www.k\u00f6\u00f6v.de\/index.php?rest_route=\/wp\/v2\/users\/2"}],"replies":[{"embeddable":true,"href":"https:\/\/www.k\u00f6\u00f6v.de\/index.php?rest_route=%2Fwp%2Fv2%2Fcomments&post=320"}],"version-history":[{"count":33,"href":"https:\/\/www.k\u00f6\u00f6v.de\/index.php?rest_route=\/wp\/v2\/pages\/320\/revisions"}],"predecessor-version":[{"id":3639,"href":"https:\/\/www.k\u00f6\u00f6v.de\/index.php?rest_route=\/wp\/v2\/pages\/320\/revisions\/3639"}],"wp:attachment":[{"href":"https:\/\/www.k\u00f6\u00f6v.de\/index.php?rest_route=%2Fwp%2Fv2%2Fmedia&parent=320"}],"curies":[{"name":"wp","href":"https:\/\/api.w.org\/{rel}","templated":true}]}}