{"id":3596,"date":"2025-08-22T11:25:36","date_gmt":"2025-08-22T09:25:36","guid":{"rendered":"https:\/\/www.k\u00f6\u00f6v.de\/?page_id=3596"},"modified":"2025-08-22T11:25:37","modified_gmt":"2025-08-22T09:25:37","slug":"home-3-3-2-2-2-2-2-2-2-2-2-2-2-2-2-2","status":"publish","type":"page","link":"https:\/\/www.k\u00f6\u00f6v.de\/?page_id=3596","title":{"rendered":"Biologie"},"content":{"rendered":"<div id=\"pl-3596\"  class=\"panel-layout\" ><div id=\"pg-3596-0\"  class=\"panel-grid panel-has-style\" ><div class=\"siteorigin-panels-stretch panel-row-style-full-width panel-row-style panel-row-style-for-3596-0\" style=\"background-color: #7a8293; \" data-stretch-type=\"full-width-stretch\" ><div id=\"pgc-3596-0-0\"  class=\"panel-grid-cell panel-grid-cell-empty\" ><\/div><div id=\"pgc-3596-0-1\"  class=\"panel-grid-cell panel-grid-cell-empty panel-grid-cell-mobile-last\" ><\/div><div id=\"pgc-3596-0-2\"  class=\"panel-grid-cell panel-grid-cell-empty\" ><\/div><\/div><\/div><div id=\"pg-3596-1\"  class=\"panel-grid panel-has-style\" ><div class=\"siteorigin-panels-stretch panel-row-style-full-width panel-row-style panel-row-style-for-3596-1\" data-stretch-type=\"full-width-stretch\" ><div id=\"pgc-3596-1-0\"  class=\"panel-grid-cell\" ><div id=\"panel-3596-1-0-0\" class=\"so-panel widget widget_sow-headline panel-first-child panel-last-child\" data-index=\"0\" ><div class=\"panel-widget-style panel-widget-style-for-3596-1-0-0\" ><div\n\t\t\t\n\t\t\tclass=\"so-widget-sow-headline so-widget-sow-headline-default-ab52f0ee976e-3596\"\n\t\t\t\n\t\t><div class=\"sow-headline-container \">\n\t<h2 class='sow-headline'>Biologie<\/h2>\t\t\t\t\t<div class=\"decoration\">\n\t\t\t\t\t\t<div class=\"decoration-inside\"><\/div>\n\t\t\t\t\t<\/div>\n\t\t\t\t\t<h1 class='sow-sub-headline'>Diese Seite ist aktuell in Bearbeitung.<\/h1><\/div>\n<\/div><\/div><\/div><\/div><\/div><\/div><div id=\"pg-3596-2\"  class=\"panel-grid panel-has-style\" ><div class=\"siteorigin-panels-stretch panel-row-style-full-width panel-row-style panel-row-style-for-3596-2\" style=\"background-color: #8c5c69; \" data-stretch-type=\"full-width-stretch\" ><div id=\"pgc-3596-2-0\"  class=\"panel-grid-cell panel-grid-cell-empty\" ><\/div><div id=\"pgc-3596-2-1\"  class=\"panel-grid-cell panel-grid-cell-mobile-last\" ><div id=\"panel-3596-2-1-0\" class=\"so-panel widget widget_sow-headline panel-first-child panel-last-child\" data-index=\"1\" ><div\n\t\t\t\n\t\t\tclass=\"so-widget-sow-headline so-widget-sow-headline-default-7349c93f97ee-3596\"\n\t\t\t\n\t\t><div class=\"sow-headline-container \">\n\t<h2 class='sow-headline'>\"Es ist nicht die st\u00e4rkste Spezies, die \u00fcberlebt, auch nicht die intelligenteste, sondern diejenige, die am besten auf Ver\u00e4nderungen reagiert.\"<\/h2>\t\t\t\t\t<div class=\"decoration\">\n\t\t\t\t\t\t<div class=\"decoration-inside\"><\/div>\n\t\t\t\t\t<\/div>\n\t\t\t\t\t<h3 class='sow-sub-headline'>Charles Darwin<\/h3><\/div>\n<\/div><\/div><\/div><div id=\"pgc-3596-2-2\"  class=\"panel-grid-cell panel-grid-cell-empty\" ><\/div><\/div><\/div><div id=\"pg-3596-3\"  class=\"panel-grid panel-has-style\" ><div class=\"siteorigin-panels-stretch panel-row-style-full-width panel-row-style panel-row-style-for-3596-3\" style=\"background-color: #bda678; \" data-stretch-type=\"full-width-stretch\" ><div id=\"pgc-3596-3-0\"  class=\"panel-grid-cell\" ><\/div><\/div><\/div><\/div>","protected":false},"excerpt":{"rendered":"<p>Biologie Diese Seite ist aktuell in Bearbeitung. &#8222;Es ist nicht die st\u00e4rkste Spezies, die \u00fcberlebt, auch nicht die intelligenteste, sondern diejenige, die am besten auf Ver\u00e4nderungen reagiert.&#8220; Charles Darwin<\/p>\n","protected":false},"author":2,"featured_media":0,"parent":2268,"menu_order":0,"comment_status":"closed","ping_status":"closed","template":"home-panels.php","meta":{"footnotes":""},"class_list":["post-3596","page","type-page","status-publish","hentry","post"],"_links":{"self":[{"href":"https:\/\/www.k\u00f6\u00f6v.de\/index.php?rest_route=\/wp\/v2\/pages\/3596","targetHints":{"allow":["GET"]}}],"collection":[{"href":"https:\/\/www.k\u00f6\u00f6v.de\/index.php?rest_route=\/wp\/v2\/pages"}],"about":[{"href":"https:\/\/www.k\u00f6\u00f6v.de\/index.php?rest_route=\/wp\/v2\/types\/page"}],"author":[{"embeddable":true,"href":"https:\/\/www.k\u00f6\u00f6v.de\/index.php?rest_route=\/wp\/v2\/users\/2"}],"replies":[{"embeddable":true,"href":"https:\/\/www.k\u00f6\u00f6v.de\/index.php?rest_route=%2Fwp%2Fv2%2Fcomments&post=3596"}],"version-history":[{"count":1,"href":"https:\/\/www.k\u00f6\u00f6v.de\/index.php?rest_route=\/wp\/v2\/pages\/3596\/revisions"}],"predecessor-version":[{"id":3598,"href":"https:\/\/www.k\u00f6\u00f6v.de\/index.php?rest_route=\/wp\/v2\/pages\/3596\/revisions\/3598"}],"up":[{"embeddable":true,"href":"https:\/\/www.k\u00f6\u00f6v.de\/index.php?rest_route=\/wp\/v2\/pages\/2268"}],"wp:attachment":[{"href":"https:\/\/www.k\u00f6\u00f6v.de\/index.php?rest_route=%2Fwp%2Fv2%2Fmedia&parent=3596"}],"curies":[{"name":"wp","href":"https:\/\/api.w.org\/{rel}","templated":true}]}}