{"id":998,"date":"2019-12-11T18:30:26","date_gmt":"2019-12-11T17:30:26","guid":{"rendered":"http:\/\/www.k\u00f6\u00f6v.de\/?page_id=998"},"modified":"2025-06-16T13:15:41","modified_gmt":"2025-06-16T11:15:41","slug":"home-4-2","status":"publish","type":"page","link":"https:\/\/www.k\u00f6\u00f6v.de\/?page_id=998","title":{"rendered":"Terminvereinbarung"},"content":{"rendered":"<div id=\"pl-998\"  class=\"panel-layout\" ><div id=\"pg-998-0\"  class=\"panel-grid panel-has-style\" ><div class=\"siteorigin-panels-stretch panel-row-style-full-width panel-row-style panel-row-style-for-998-0\" style=\"background-color: #b3bfc7; \" data-stretch-type=\"full-width-stretch\" ><div id=\"pgc-998-0-0\"  class=\"panel-grid-cell panel-grid-cell-empty\" ><\/div><div id=\"pgc-998-0-1\"  class=\"panel-grid-cell panel-grid-cell-empty panel-grid-cell-mobile-last\" ><\/div><div id=\"pgc-998-0-2\"  class=\"panel-grid-cell panel-grid-cell-empty\" ><\/div><\/div><\/div><div id=\"pg-998-1\"  class=\"panel-grid panel-has-style\" ><div class=\"siteorigin-panels-stretch panel-row-style-full-width panel-row-style panel-row-style-for-998-1\" data-stretch-type=\"full-width-stretch\" ><div id=\"pgc-998-1-0\"  class=\"panel-grid-cell\" ><div id=\"panel-998-1-0-0\" class=\"so-panel widget widget_sow-editor panel-first-child panel-last-child\" data-index=\"0\" ><div class=\"panel-widget-style panel-widget-style-for-998-1-0-0\" ><div\n\t\t\t\n\t\t\tclass=\"so-widget-sow-editor so-widget-sow-editor-base\"\n\t\t\t\n\t\t>\n<div class=\"siteorigin-widget-tinymce textwidget\">\n\t<h2 style=\"text-align: center;\"><strong><span class=\"so-premium-web-font\" style=\"font-family: Lato; color: #003781;\" data-web-font-module=\"google\" data-font-info=\"{&quot;font&quot;:&quot;Lato&quot;,&quot;webfont&quot;:true,&quot;variant&quot;:null,&quot;module&quot;:&quot;google&quot;}\">individuelle Terminvergabe <\/span><\/strong><\/h2>\n<h2 style=\"text-align: center;\"><span style=\"color: #7a6927;\"><strong><span class=\"so-premium-web-font\" style=\"font-family: Lato; font-size: 14pt;\" data-web-font-module=\"google\" data-font-info=\"{&quot;font&quot;:&quot;Lato&quot;,&quot;webfont&quot;:true,&quot;variant&quot;:null,&quot;module&quot;:&quot;google&quot;}\">online Buchung | pers\u00f6nlich per Telefon | What\u00b4s App oder SMS<\/span><\/strong><\/span><\/h2>\n<p>&nbsp;<\/p>\n<\/div>\n<\/div><\/div><\/div><\/div><\/div><\/div><div id=\"pg-998-2\"  class=\"panel-grid panel-has-style\" ><div class=\"siteorigin-panels-stretch panel-row-style-full-width panel-row-style panel-row-style-for-998-2\" style=\"background-color: #b3bfc7; \" data-stretch-type=\"full-width-stretch\" ><div id=\"pgc-998-2-0\"  class=\"panel-grid-cell panel-grid-cell-empty\" ><\/div><div id=\"pgc-998-2-1\"  class=\"panel-grid-cell panel-grid-cell-empty panel-grid-cell-mobile-last\" ><\/div><div id=\"pgc-998-2-2\"  class=\"panel-grid-cell panel-grid-cell-empty\" ><\/div><\/div><\/div><div id=\"pg-998-3\"  class=\"panel-grid panel-has-style\" ><div class=\"siteorigin-panels-stretch panel-row-style-full-width panel-row-style panel-row-style-for-998-3\" style=\"background-color: #ffffff; \" data-stretch-type=\"full-width-stretch\" ><div id=\"pgc-998-3-0\"  class=\"panel-grid-cell panel-grid-cell-empty\" ><\/div><div id=\"pgc-998-3-1\"  class=\"panel-grid-cell panel-grid-cell-empty panel-grid-cell-mobile-last\" ><\/div><div id=\"pgc-998-3-2\"  class=\"panel-grid-cell panel-grid-cell-empty\" ><\/div><\/div><\/div><div id=\"pg-998-4\"  class=\"panel-grid panel-has-style\" ><div class=\"siteorigin-panels-stretch panel-row-style-full-width panel-row-style panel-row-style-for-998-4\" style=\"background-color: #bda678; \" data-stretch-type=\"full-width-stretch\" ><div id=\"pgc-998-4-0\"  class=\"panel-grid-cell panel-grid-cell-empty\" ><\/div><div id=\"pgc-998-4-1\"  class=\"panel-grid-cell panel-grid-cell-mobile-last\" ><div id=\"panel-998-4-1-0\" class=\"so-panel widget widget_sow-editor panel-first-child panel-last-child\" data-index=\"1\" ><div class=\"panel-widget-style panel-widget-style-for-998-4-1-0\" ><div\n\t\t\t\n\t\t\tclass=\"so-widget-sow-editor so-widget-sow-editor-base\"\n\t\t\t\n\t\t>\n<div class=\"siteorigin-widget-tinymce textwidget\">\n\t<h4 style=\"text-align: center;\"><\/h4>\n<p>&nbsp;<\/p>\n<h4 style=\"text-align: center;\"><span style=\"color: #003781;\"><span class=\"so-premium-web-font\" style=\"font-family: Lato; font-size: 18pt;\" data-web-font-module=\"google\" data-font-info=\"{&quot;font&quot;:&quot;Lato&quot;,&quot;webfont&quot;:true,&quot;variant&quot;:null,&quot;module&quot;:&quot;google&quot;}\">Hinweis zur Terminvereinbarung<\/span><\/span><\/h4>\n<h4 style=\"text-align: center;\"><span style=\"color: #003781;\"><span class=\"so-premium-web-font\" style=\"font-family: Lato; font-size: 18pt;\" data-web-font-module=\"google\" data-font-info=\"{&quot;font&quot;:&quot;Lato&quot;,&quot;webfont&quot;:true,&quot;variant&quot;:null,&quot;module&quot;:&quot;google&quot;}\">Die Terminvergabe soll ohne lange Wartezeiten vor Ort eingehalten werden. <\/span><\/span><\/h4>\n<h4 style=\"text-align: center;\"><span style=\"color: #003781;\"><span class=\"so-premium-web-font\" style=\"font-family: Lato; font-size: 18pt;\" data-web-font-module=\"google\" data-font-info=\"{&quot;font&quot;:&quot;Lato&quot;,&quot;webfont&quot;:true,&quot;variant&quot;:null,&quot;module&quot;:&quot;google&quot;}\">Deshalb ist es f\u00fcr mich wichtig, dass diese f\u00fcr beide Seiten stressfrei verl\u00e4uft.\u00a0<\/span><\/span><\/h4>\n<p>&nbsp;<\/p>\n<p>&nbsp;<\/p>\n<h4><\/h4>\n<h4><\/h4>\n<h4 style=\"text-align: center;\"><span class=\"so-premium-web-font\" style=\"font-family: Lato; font-size: 18pt; color: #7a6927;\" data-web-font-module=\"google\" data-font-info=\"{&quot;font&quot;:&quot;Lato&quot;,&quot;webfont&quot;:true,&quot;variant&quot;:null,&quot;module&quot;:&quot;google&quot;}\"><strong>online Buchung<\/strong><\/span><\/h4>\n<h4 style=\"text-align: center;\"><span class=\"so-premium-web-font\" style=\"font-family: Lato; font-size: 18pt; color: #464646;\" data-web-font-module=\"google\" data-font-info=\"{&quot;font&quot;:&quot;Lato&quot;,&quot;webfont&quot;:true,&quot;variant&quot;:null,&quot;module&quot;:&quot;google&quot;}\">Am schnellsten k\u00f6nnen die Termine online \u00fcber das Buchungsportal ,,Treatwell\" vereinbart werden. Einfach hier auf der Website \u00fcber den Buchungsbutton den Termin vereinbaren.<\/span><\/h4>\n<h4 style=\"text-align: center;\"><span class=\"so-premium-web-font\" style=\"font-family: Lato; font-size: 18pt; color: #464646;\" data-web-font-module=\"google\" data-font-info=\"{&quot;font&quot;:&quot;Lato&quot;,&quot;webfont&quot;:true,&quot;variant&quot;:null,&quot;module&quot;:&quot;google&quot;}\"> Nach der Terminvereinbarung erh\u00e4lts du eine Terminbest\u00e4tigung und kurz vor dem Termin ebenfalls noch eine Erinnerung.\u00a0<\/span><\/h4>\n<p>&nbsp;<\/p>\n<h4 style=\"text-align: center;\"><\/h4>\n<hr \/>\n<p>&nbsp;<\/p>\n<h4 style=\"text-align: center;\"><strong><span class=\"so-premium-web-font\" style=\"font-family: Lato; font-size: 18pt; color: #7a6927;\" data-web-font-module=\"google\" data-font-info=\"{&quot;font&quot;:&quot;Lato&quot;,&quot;webfont&quot;:true,&quot;variant&quot;:null,&quot;module&quot;:&quot;google&quot;}\">pers\u00f6nlich per Telefon<\/span><\/strong><\/h4>\n<h4 style=\"text-align: center;\"><span class=\"so-premium-web-font\" style=\"font-family: Lato; font-size: 18pt; color: #464646;\" data-web-font-module=\"google\" data-font-info=\"{&quot;font&quot;:&quot;Lato&quot;,&quot;webfont&quot;:true,&quot;variant&quot;:null,&quot;module&quot;:&quot;google&quot;}\">Dir ist es lieber auf die herk\u00f6mmliche Art, per Telefon einen Termin zu vereinbaren? <\/span><\/h4>\n<h4 style=\"text-align: center;\"><span class=\"so-premium-web-font\" style=\"font-family: Lato; font-size: 18pt; color: #464646;\" data-web-font-module=\"google\" data-font-info=\"{&quot;font&quot;:&quot;Lato&quot;,&quot;webfont&quot;:true,&quot;variant&quot;:null,&quot;module&quot;:&quot;google&quot;}\">Auch kein Problem! <\/span><\/h4>\n<h4 style=\"text-align: center;\"><span class=\"so-premium-web-font\" style=\"font-family: Lato; font-size: 18pt; color: #464646;\" data-web-font-module=\"google\" data-font-info=\"{&quot;font&quot;:&quot;Lato&quot;,&quot;webfont&quot;:true,&quot;variant&quot;:null,&quot;module&quot;:&quot;google&quot;}\">Bitte habe Verst\u00e4ndnis daf\u00fcr, dass ich w\u00e4hrend meiner Arbeitszeit nicht ans Telefon gehe, um einen Termin zu vereinbaren. Mir ist es wichtig, meine volle Aufmerksamkeit auf meine Arbeit zu richten. Gerne rufe ich zur\u00fcck, sobald ich Zeit habe und nicht mehr mit meiner Arbeit am Kunden\/in besch\u00e4ftigt bin. <\/span><\/h4>\n<h4 style=\"text-align: center;\"><span class=\"so-premium-web-font\" style=\"font-family: Lato; font-size: 18pt; color: #464646;\" data-web-font-module=\"google\" data-font-info=\"{&quot;font&quot;:&quot;Lato&quot;,&quot;webfont&quot;:true,&quot;variant&quot;:null,&quot;module&quot;:&quot;google&quot;}\">Bitte habe auch daf\u00fcr Verst\u00e4ndnis, dass dieser Weg der Terminvereinbarung manchmal etwas l\u00e4nger dauern kann und ich mich eventuell erst ein zwei Tage sp\u00e4ter bei dir zur\u00fcck melde. <\/span><\/h4>\n<h4 style=\"text-align: center;\"><span class=\"so-premium-web-font\" style=\"font-family: Lato; font-size: 18pt; color: #464646;\" data-web-font-module=\"google\" data-font-info=\"{&quot;font&quot;:&quot;Lato&quot;,&quot;webfont&quot;:true,&quot;variant&quot;:null,&quot;module&quot;:&quot;google&quot;}\">Hinterlasse gerne eine Nachricht auf dem Anrufbeantworter f\u00fcr einen Terminwunsch. Sollte ich die Telefonnummer auf meinem Display angezeigt bekommen, rufe ich auch gerne so zur\u00fcck um einen Termin mit dir zu vereinbaren.<\/span><\/h4>\n<p>&nbsp;<\/p>\n<h4><\/h4>\n<hr \/>\n<p>&nbsp;<\/p>\n<h4><\/h4>\n<h4 style=\"text-align: center;\"><strong><span class=\"so-premium-web-font\" style=\"font-family: Lato; font-size: 18pt; color: #7a6927;\" data-web-font-module=\"google\" data-font-info=\"{&quot;font&quot;:&quot;Lato&quot;,&quot;webfont&quot;:true,&quot;variant&quot;:null,&quot;module&quot;:&quot;google&quot;}\">What\u00b4s App oder SMS<\/span><\/strong><\/h4>\n<h4 style=\"text-align: center;\"><span class=\"so-premium-web-font\" style=\"font-family: Lato; font-size: 18pt; color: #464646;\" data-web-font-module=\"google\" data-font-info=\"{&quot;font&quot;:&quot;Lato&quot;,&quot;webfont&quot;:true,&quot;variant&quot;:null,&quot;module&quot;:&quot;google&quot;}\">Die dritte M\u00f6glichkeit um einen Termin zu vereinbaren ist, mir eine What's App Nachricht, SMS oder email zu schreiben. <\/span><\/h4>\n<h4 style=\"text-align: center;\"><span class=\"so-premium-web-font\" style=\"font-family: Lato; font-size: 18pt; color: #464646;\" data-web-font-module=\"google\" data-font-info=\"{&quot;font&quot;:&quot;Lato&quot;,&quot;webfont&quot;:true,&quot;variant&quot;:null,&quot;module&quot;:&quot;google&quot;}\">Hierbei bitte ich um konkrete Infos bzgl. der Terminvereinbarung (was soll gemacht werden? | welcher Tag bzw. welche Uhrzeit passt gut?) <\/span><\/h4>\n<h4 style=\"text-align: center;\"><span class=\"so-premium-web-font\" style=\"font-family: Lato; font-size: 18pt; color: #464646;\" data-web-font-module=\"google\" data-font-info=\"{&quot;font&quot;:&quot;Lato&quot;,&quot;webfont&quot;:true,&quot;variant&quot;:null,&quot;module&quot;:&quot;google&quot;}\">Ich versuche dann so gut es mir m\u00f6glich ist auf die Terminanfrage einzugehen. Gerne sende mir auch eine Telefonnummer mit, unter der ich dich erreichen kann, sollte es noch Ungereimtheiten geben, welche besser pers\u00f6nlich zu besprechen sind. <\/span><\/h4>\n<h4><\/h4>\n<p>&nbsp;<\/p>\n<p>&nbsp;<\/p>\n<h4 style=\"text-align: center;\"><span class=\"so-premium-web-font\" style=\"font-family: Lato; font-size: 18pt; color: #003781;\" data-web-font-module=\"google\" data-font-info=\"{&quot;font&quot;:&quot;Lato&quot;,&quot;webfont&quot;:true,&quot;variant&quot;:null,&quot;module&quot;:&quot;google&quot;}\">F\u00fcr Neukunden\/innen gilt eine etwas l\u00e4ngere Zeit f\u00fcr die Terminvergabe und auch einen einmalig h\u00f6heren Dienstleistungspreis. <\/span><\/h4>\n<h4 style=\"text-align: center;\"><span class=\"so-premium-web-font\" style=\"font-family: Lato; font-size: 18pt; color: #003781;\" data-web-font-module=\"google\" data-font-info=\"{&quot;font&quot;:&quot;Lato&quot;,&quot;webfont&quot;:true,&quot;variant&quot;:null,&quot;module&quot;:&quot;google&quot;}\">Nach dem ersten Besuch werden die Preise wie bei einem Stammkunden berechnet.<\/span><\/h4>\n<p>&nbsp;<\/p>\n<h4 style=\"text-align: center;\"><\/h4>\n<h4 style=\"text-align: center;\"><span class=\"so-premium-web-font\" style=\"font-family: Lato; font-size: 18pt; color: #7a6927;\" data-web-font-module=\"google\" data-font-info=\"{&quot;font&quot;:&quot;Lato&quot;,&quot;webfont&quot;:true,&quot;variant&quot;:null,&quot;module&quot;:&quot;google&quot;}\">Mobil :\u00a0 0171 81 51 507<\/span><\/h4>\n<p>&nbsp;<\/p>\n<h4 style=\"text-align: center;\"><\/h4>\n<\/div>\n<\/div><\/div><\/div><\/div><div id=\"pgc-998-4-2\"  class=\"panel-grid-cell panel-grid-cell-empty\" ><\/div><\/div><\/div><div id=\"pg-998-5\"  class=\"panel-grid panel-has-style\" ><div class=\"siteorigin-panels-stretch panel-row-style-full-width panel-row-style panel-row-style-for-998-5\" style=\"background-color: #b3bfc7; \" data-stretch-type=\"full-width-stretch\" ><div id=\"pgc-998-5-0\"  class=\"panel-grid-cell panel-grid-cell-empty\" ><\/div><div id=\"pgc-998-5-1\"  class=\"panel-grid-cell panel-grid-cell-empty panel-grid-cell-mobile-last\" ><\/div><div id=\"pgc-998-5-2\"  class=\"panel-grid-cell panel-grid-cell-empty\" ><\/div><\/div><\/div><div id=\"pg-998-6\"  class=\"panel-grid panel-has-style\" ><div class=\"siteorigin-panels-stretch panel-row-style-full-width panel-row-style panel-row-style-for-998-6\" data-stretch-type=\"full-width-stretch\" ><div id=\"pgc-998-6-0\"  class=\"panel-grid-cell panel-grid-cell-empty\" ><\/div><div id=\"pgc-998-6-1\"  class=\"panel-grid-cell panel-grid-cell-mobile-last\" ><div id=\"panel-998-6-1-0\" class=\"so-panel widget widget_sow-cta panel-first-child panel-last-child\" data-index=\"2\" ><div class=\"panel-widget-style panel-widget-style-for-998-6-1-0\" ><div\n\t\t\t\n\t\t\tclass=\"so-widget-sow-cta so-widget-sow-cta-default-4c539f656b18-998\"\n\t\t\t\n\t\t><div class=\"sow-cta-base\">\n\n\t<div class=\"sow-cta-wrapper\">\n\n\t\t<div class=\"sow-cta-text\">\n\t\t\t<h4 class=\"sow-cta-title\">Hier gehts zur Terminvergabe<\/h4>\n\t\t\t<h5 class=\"sow-cta-subtitle\"><\/h5>\n\t\t<\/div>\n\n\t\t<div\n\t\t\t\n\t\t\tclass=\"so-widget-sow-button so-widget-sow-button-wire-096114c144ba\"\n\t\t\t\n\t\t><div class=\"ow-button-base ow-button-align-center\">\n\t<a\n\thref=\"https:\/\/www.treatwell.de\/ort\/lille-h-koeoev\/\"\n\t\tclass=\"ow-icon-placement-bottom ow-button-hover\" target=\"_blank\" rel=\"noopener noreferrer\" \t>\n\t\t<span>\n\t\t\t<div class=\"sow-icon-image\" style=\"background-image: url(https:\/\/www.k\u00f6\u00f6v.de\/wp-content\/uploads\/2025\/06\/Button-Logo.png)\"><\/div>\n\t\t\tKlick Mich an\t\t<\/span>\n\t<\/a>\n<\/div>\n<\/div>\n\t<\/div>\n\n<\/div>\n<\/div><\/div><\/div><\/div><div id=\"pgc-998-6-2\"  class=\"panel-grid-cell panel-grid-cell-empty\" ><\/div><\/div><\/div><div id=\"pg-998-7\"  class=\"panel-grid panel-has-style\" ><div class=\"siteorigin-panels-stretch panel-row-style-full-width panel-row-style panel-row-style-for-998-7\" style=\"background-color: #b3bfc7; \" data-stretch-type=\"full-width-stretch\" ><div id=\"pgc-998-7-0\"  class=\"panel-grid-cell panel-grid-cell-empty\" ><\/div><div id=\"pgc-998-7-1\"  class=\"panel-grid-cell panel-grid-cell-empty panel-grid-cell-mobile-last\" ><\/div><div id=\"pgc-998-7-2\"  class=\"panel-grid-cell panel-grid-cell-empty\" ><\/div><\/div><\/div><\/div>","protected":false},"excerpt":{"rendered":"<p>individuelle Terminvergabe online Buchung | pers\u00f6nlich per Telefon | What\u00b4s App oder SMS &nbsp;<\/p>\n","protected":false},"author":2,"featured_media":0,"parent":1121,"menu_order":0,"comment_status":"closed","ping_status":"closed","template":"home-panels.php","meta":{"footnotes":""},"class_list":["post-998","page","type-page","status-publish","hentry","post"],"_links":{"self":[{"href":"https:\/\/www.k\u00f6\u00f6v.de\/index.php?rest_route=\/wp\/v2\/pages\/998","targetHints":{"allow":["GET"]}}],"collection":[{"href":"https:\/\/www.k\u00f6\u00f6v.de\/index.php?rest_route=\/wp\/v2\/pages"}],"about":[{"href":"https:\/\/www.k\u00f6\u00f6v.de\/index.php?rest_route=\/wp\/v2\/types\/page"}],"author":[{"embeddable":true,"href":"https:\/\/www.k\u00f6\u00f6v.de\/index.php?rest_route=\/wp\/v2\/users\/2"}],"replies":[{"embeddable":true,"href":"https:\/\/www.k\u00f6\u00f6v.de\/index.php?rest_route=%2Fwp%2Fv2%2Fcomments&post=998"}],"version-history":[{"count":216,"href":"https:\/\/www.k\u00f6\u00f6v.de\/index.php?rest_route=\/wp\/v2\/pages\/998\/revisions"}],"predecessor-version":[{"id":3518,"href":"https:\/\/www.k\u00f6\u00f6v.de\/index.php?rest_route=\/wp\/v2\/pages\/998\/revisions\/3518"}],"up":[{"embeddable":true,"href":"https:\/\/www.k\u00f6\u00f6v.de\/index.php?rest_route=\/wp\/v2\/pages\/1121"}],"wp:attachment":[{"href":"https:\/\/www.k\u00f6\u00f6v.de\/index.php?rest_route=%2Fwp%2Fv2%2Fmedia&parent=998"}],"curies":[{"name":"wp","href":"https:\/\/api.w.org\/{rel}","templated":true}]}}